{"id":1589,"date":"2026-03-26T18:37:24","date_gmt":"2026-03-26T17:37:24","guid":{"rendered":"https:\/\/restaurant-stunningland.com\/?page_id=1589"},"modified":"2026-03-26T20:18:05","modified_gmt":"2026-03-26T19:18:05","slug":"reservation-evenement-partenaire","status":"publish","type":"page","link":"https:\/\/restaurant-stunningland.com\/?page_id=1589","title":{"rendered":"r\u00e9servation \u00e9v\u00e9nement partenaire"},"content":{"rendered":"\t\t<div data-elementor-type=\"wp-page\" data-elementor-id=\"1589\" class=\"elementor elementor-1589\">\n\t\t\t\t<div class=\"elementor-element elementor-element-trkwtnlc twbb_section e-flex e-con-boxed e-con e-parent\" data-id=\"trkwtnlc\" data-element_type=\"container\" data-e-type=\"container\" id=\"join-our-exclusive-partner-event\">\n\t\t\t\t\t<div class=\"e-con-inner\">\n\t\t\t\t<div class=\"elementor-element elementor-element-3qy2qng8 elementor-widget__width-initial elementor-widget-mobile__width-inherit elementor-widget-tablet__width-initial twbb-headline--style-rotate elementor-widget elementor-widget-twbbanimated-headline\" data-id=\"3qy2qng8\" data-element_type=\"widget\" data-e-type=\"widget\" data-settings=\"{&quot;headline_style&quot;:&quot;rotate&quot;,&quot;rotating_text&quot;:&quot;Profitez de Nos Offres!&quot;,&quot;animation_type&quot;:&quot;clip&quot;,&quot;_animation&quot;:&quot;none&quot;}\" data-widget_type=\"twbbanimated-headline.default\">\n\t\t\t\t<div class=\"elementor-widget-container\">\n\t\t\t\t\t    <h1 class=\"twbb-headline twbb-headline-animation-type-clip\">\n        <span class=\"twbb-headline-dynamic-wrapper twbb-headline-text-wrapper\"><\/span>\n          <span class=\"twbb-headline-plain-text twbb-headline-text-wrapper\">Ne Ratez Pas cette Occasion!<\/span>\n        <\/h1>\n    \t\t\t\t<\/div>\n\t\t\t\t<\/div>\n\t\t\t\t<div class=\"elementor-element elementor-element-tykewyp8 elementor-widget__width-initial elementor-widget-mobile__width-inherit elementor-widget-tablet__width-initial elementor-invisible elementor-widget elementor-widget-text-editor\" data-id=\"tykewyp8\" data-element_type=\"widget\" data-e-type=\"widget\" data-settings=\"{&quot;_animation&quot;:&quot;fadeInUp&quot;}\" data-widget_type=\"text-editor.default\">\n\t\t\t\t<div class=\"elementor-widget-container\">\n\t\t\t\t\t\t\t\t\t<div class=\"relative z-0 flex min-h-0 w-full flex-1\"><div class=\"relative flex min-h-0 w-full flex-1\"><div class=\"@container\/main relative flex min-w-0 flex-1 flex-col -translate-y-[calc(env(safe-area-inset-bottom,0px)\/2)] pt-[calc(env(safe-area-inset-bottom,0px)\/2)]\"><div class=\"@w-sm\/main:[scrollbar-gutter:var(--stage-scroll-gutter)] touch:[scrollbar-width:none] group\/scroll-root relative flex min-h-0 min-w-0 flex-1 flex-col [scrollbar-gutter:stable] not-print:overflow-x-clip not-print:overflow-y-auto group-data-stream-active\/scroll-root:[overflow-anchor:none] scroll-pt-(--header-height) [--sticky-padding-top:var(--header-height)] [--sticky-padding-bottom:0px] [--scroll-root-safe-area-inset-top:calc(var(--sticky-padding-top)+env(safe-area-inset-top,0px))] [--scroll-root-safe-area-inset-bottom:calc(var(--sticky-padding-bottom)+var(--screen-keyboard-height,0px)+env(safe-area-inset-bottom,0px))] [--scroll-root-safe-area-height:calc(100lvh-var(--scroll-root-safe-area-inset-top)-var(--scroll-root-safe-area-inset-bottom))] has-data-[fixed-header=less-than-xl]:@w-xl\/main:scroll-pt-0 has-data-[fixed-header=less-than-xl]:@w-xl\/main:[--sticky-padding-top:0px] has-data-[fixed-header=less-than-xxl]:@w-2xl\/main:scroll-pt-0 has-data-[fixed-header=less-than-xxl]:@w-2xl\/main:[--sticky-padding-top:0px]\" data-scroll-root=\"\" data-scroll-from-top=\"\"><div id=\"thread\" class=\"group\/thread flex flex-col min-h-full\"><div class=\"composer-parent flex flex-1 flex-col focus-visible:outline-0\" role=\"presentation\"><div class=\"relative basis-auto flex-col -mb-(--composer-overlap-px) pb-(--composer-overlap-px) [--composer-overlap-px:28px] grow flex\"><div class=\"flex flex-col text-sm pb-25\"><section class=\"text-token-text-primary w-full focus:outline-none [--shadow-height:45px] has-data-writing-block:pointer-events-none has-data-writing-block:-mt-(--shadow-height) has-data-writing-block:pt-(--shadow-height) [&amp;:has([data-writing-block])&gt;*]:pointer-events-auto scroll-mt-[calc(var(--header-height)+min(200px,max(70px,20svh)))]\" dir=\"auto\" data-turn-id=\"request-WEB:100b8329-c0e6-40fc-8007-b92cf8209a05-10\" data-testid=\"conversation-turn-22\" data-scroll-anchor=\"true\" data-turn=\"assistant\"><div class=\"text-base my-auto mx-auto pb-10 [--thread-content-margin:var(--thread-content-margin-xs,calc(var(--spacing)*4))] @w-sm\/main:[--thread-content-margin:var(--thread-content-margin-sm,calc(var(--spacing)*6))] @w-lg\/main:[--thread-content-margin:var(--thread-content-margin-lg,calc(var(--spacing)*16))] px-(--thread-content-margin)\"><div class=\"[--thread-content-max-width:40rem] @w-lg\/main:[--thread-content-max-width:48rem] mx-auto max-w-(--thread-content-max-width) flex-1 group\/turn-messages focus-visible:outline-hidden relative flex w-full min-w-0 flex-col agent-turn\"><div class=\"flex max-w-full flex-col gap-4 grow\"><div class=\"min-h-8 text-message relative flex w-full flex-col items-end gap-2 text-start break-words whitespace-normal outline-none keyboard-focused:focus-ring [.text-message+&amp;]:mt-1\" dir=\"auto\" tabindex=\"0\" data-message-author-role=\"assistant\" data-message-id=\"fb384947-a360-4556-8b5e-4f36221dc753\" data-message-model-slug=\"gpt-5-3\" data-turn-start-message=\"true\"><div class=\"flex w-full flex-col gap-1 empty:hidden\"><div class=\"markdown prose dark:prose-invert w-full wrap-break-word light markdown-new-styling\"><h3 data-section-id=\"16f1jy9\" data-start=\"112\" data-end=\"144\">\ud83d\udd25 DESI VIBES \ud83d\udd25<\/h3><p data-start=\"146\" data-end=\"289\"><em data-start=\"146\" data-end=\"186\">Pr\u00eat \u00e0 vivre une soir\u00e9e hors du commun ?<\/em><br data-start=\"186\" data-end=\"189\" \/>Plonge dans une ambiance 100% Desi o\u00f9 les couleurs, les sons et l\u2019\u00e9nergie ne font qu\u2019un \ud83d\udc83<\/p><p data-start=\"291\" data-end=\"443\">Au programme :<br data-start=\"305\" data-end=\"308\" \/>\u2728 DJ &amp; sons festifs<br data-start=\"341\" data-end=\"344\" \/>\ud83d\udd25 Dancefloor\u00a0<br data-start=\"378\" data-end=\"381\" \/>\ud83c\udf36\ufe0f Ambiance \u00e9pic\u00e9e et immersive<br data-start=\"413\" data-end=\"416\" \/>\ud83c\udf89 Surprises &amp; animations<\/p><p data-start=\"445\" data-end=\"563\">Ram\u00e8ne ton crew, sors ton meilleur look et pr\u00e9pare-toi \u00e0 danser non-stop \ud83c\udfb6<br data-start=\"520\" data-end=\"523\" \/>Ici, on oublie tout\u2026 sauf de kiffer \ud83d\ude0e<\/p><p data-start=\"565\" data-end=\"666\">\ud83d\udc49 <strong data-start=\"610\" data-end=\"664\">\u00a0Proposition de 4 formules,\u00a0 faites votre choix !\u00a0 <span class=\"gs_tkn show\">\u2b07<\/span><\/strong><\/p><p data-start=\"668\" data-end=\"720\">\ud83d\udccd Lieu : 12 place Fran\u00e7ois de Larderel, 93 000 Bobigny<br data-start=\"691\" data-end=\"694\" \/>\ud83d\udd52 Heure : 19h00<\/p><p data-start=\"722\" data-end=\"789\"><em data-start=\"722\" data-end=\"789\">Une seule r\u00e8gle : venir avec ton \u00e9nergie\u2026 on s\u2019occupe du reste \ud83d\udd25<\/em><\/p><\/div><\/div><\/div><\/div><\/div><\/div><\/section><\/div><\/div><div id=\"thread-bottom-container\" class=\"sticky bottom-0 z-10 group\/thread-bottom-container relative isolate w-full basis-auto has-data-has-thread-error:pt-2 has-data-has-thread-error:[box-shadow:var(--sharp-edge-bottom-shadow)] md:border-transparent md:pt-0 dark:border-white\/20 md:dark:border-transparent print:hidden content-fade single-line flex flex-col\"><div id=\"thread-bottom\"><div class=\"text-base mx-auto [--thread-content-margin:var(--thread-content-margin-xs,calc(var(--spacing)*4))] @w-sm\/main:[--thread-content-margin:var(--thread-content-margin-sm,calc(var(--spacing)*6))] @w-lg\/main:[--thread-content-margin:var(--thread-content-margin-lg,calc(var(--spacing)*16))] px-(--thread-content-margin)\"><div class=\"[--thread-content-max-width:40rem] @w-lg\/main:[--thread-content-max-width:48rem] mx-auto max-w-(--thread-content-max-width) flex-1 mb-[var(--thread-component-gap,1rem)]\"><div class=\"pointer-events-auto relative z-1 flex h-(--composer-container-height,100%) max-w-full flex-(--composer-container-flex,1) flex-col\"><form class=\"group\/composer w-full\" data-type=\"unified-composer\" aria-label=\"Poser une question dans un prompt\"><div class=\"\"><div class=\"bg-token-bg-primary corner-superellipse\/1.1 cursor-text overflow-clip bg-clip-padding p-2.5 contain-inline-size motion-safe:transition-colors motion-safe:duration-200 motion-safe:ease-in-out dark:bg-[#303030] grid grid-cols-[auto_1fr_auto] [grid-template-areas:'header_header_header'_'leading_primary_trailing'_'._footer_.'] group-data-expanded\/composer:[grid-template-areas:'header_header_header'_'primary_primary_primary'_'leading_footer_trailing'] shadow-short-composer\" data-composer-surface=\"true\"><div class=\"-my-2.5 flex min-h-14 items-center overflow-x-hidden px-1.5 [grid-area:primary] group-data-expanded\/composer:mb-0 group-data-expanded\/composer:px-2.5\"><div class=\"wcDTda_prosemirror-parent text-token-text-primary max-h-[max(30svh,5rem)] max-h-52 min-h-[var(--deep-research-composer-extra-height,unset)] flex-1 overflow-auto [scrollbar-width:thin] default-browser vertical-scroll-fade-mask\"><div id=\"prompt-textarea\" class=\"ProseMirror\" role=\"textbox\" contenteditable=\"true\" translate=\"no\" data-virtualkeyboard=\"true\" aria-multiline=\"true\" aria-label=\"Poser une question dans un prompt\">\u00a0<\/div><\/div><\/div><div class=\"[grid-area:leading]\">\u00a0<\/div><div class=\"flex items-center gap-2 [grid-area:trailing]\"><div class=\"ms-auto flex items-center gap-1.5\">\u00a0<\/div><\/div><\/div><\/div><\/form><\/div><\/div><\/div><\/div><div class=\"-mt-4 text-token-text-secondary relative w-full overflow-hidden text-center text-xs [view-transition-name:var(--vt-disclaimer)] md:px-[60px]\">\u00a0<\/div><\/div><\/div><\/div><\/div><\/div><\/div><\/div><div><div class=\"z-[100] w-full max-w-full overflow-hidden bg-token-bg-tertiary border-token-border-heavy flex flex-col gap-2 border-t p-4 pb-6\" role=\"dialog\" aria-modal=\"true\" aria-live=\"polite\"><div class=\"flex items-center justify-between\"><h1 class=\"text-base\">\u00a0<\/h1><\/div><\/div><\/div>\t\t\t\t\t\t\t\t<\/div>\n\t\t\t\t<\/div>\n\t\t\t\t<div class=\"elementor-element elementor-element-ukqbtfwg elementor-widget__width-initial elementor-widget-mobile__width-inherit elementor-widget-tablet__width-initial elementor-widget elementor-widget-image\" data-id=\"ukqbtfwg\" data-element_type=\"widget\" data-e-type=\"widget\" data-widget_type=\"image.default\">\n\t\t\t\t<div class=\"elementor-widget-container\">\n\t\t\t\t\t\t\t\t\t\t\t\t\t\t\t<img fetchpriority=\"high\" decoding=\"async\" width=\"1284\" height=\"1926\" src=\"https:\/\/restaurant-stunningland.com\/wp-content\/uploads\/2026\/03\/WhatsApp-Image-2026-03-25-at-22.09.46.jpeg\" class=\"attachment-full size-full wp-image-1591\" alt=\"\" srcset=\"https:\/\/restaurant-stunningland.com\/wp-content\/uploads\/2026\/03\/WhatsApp-Image-2026-03-25-at-22.09.46.jpeg 1284w, https:\/\/restaurant-stunningland.com\/wp-content\/uploads\/2026\/03\/WhatsApp-Image-2026-03-25-at-22.09.46-200x300.jpeg 200w, https:\/\/restaurant-stunningland.com\/wp-content\/uploads\/2026\/03\/WhatsApp-Image-2026-03-25-at-22.09.46-683x1024.jpeg 683w, https:\/\/restaurant-stunningland.com\/wp-content\/uploads\/2026\/03\/WhatsApp-Image-2026-03-25-at-22.09.46-768x1152.jpeg 768w, https:\/\/restaurant-stunningland.com\/wp-content\/uploads\/2026\/03\/WhatsApp-Image-2026-03-25-at-22.09.46-1024x1536.jpeg 1024w, https:\/\/restaurant-stunningland.com\/wp-content\/uploads\/2026\/03\/WhatsApp-Image-2026-03-25-at-22.09.46-400x600.jpeg 400w\" sizes=\"(max-width: 1284px) 100vw, 1284px\" \/>\t\t\t\t\t\t\t\t\t\t\t\t\t\t\t<\/div>\n\t\t\t\t<\/div>\n\t\t\t\t\t<\/div>\n\t\t\t\t<\/div>\n\t\t<div class=\"elementor-element elementor-element-d5dkw56f twbb_section e-flex e-con-boxed e-con e-parent\" data-id=\"d5dkw56f\" data-element_type=\"container\" data-e-type=\"container\" id=\"register-your-spot\">\n\t\t\t\t\t<div class=\"e-con-inner\">\n\t\t\t\t<div class=\"elementor-element elementor-element-66768aa elementor-widget__width-initial elementor-widget-mobile__width-inherit elementor-widget-tablet__width-initial elementor-mobile-button-align-stretch elementor-button-align-center elementor-invisible elementor-widget elementor-widget-twbb_form\" data-id=\"66768aa\" data-element_type=\"widget\" data-e-type=\"widget\" data-settings=\"{&quot;_animation&quot;:&quot;fadeInUp&quot;,&quot;step_next_label&quot;:&quot;Next&quot;,&quot;step_previous_label&quot;:&quot;Previous&quot;,&quot;button_width&quot;:&quot;100&quot;,&quot;step_type&quot;:&quot;number_text&quot;,&quot;step_icon_shape&quot;:&quot;circle&quot;}\" data-widget_type=\"twbb_form.default\">\n\t\t\t\t<div class=\"elementor-widget-container\">\n\t\t\t\t\t\t\t<form class=\"elementor-form\" method=\"post\" >\n\t\t\t<input type=\"hidden\" name=\"post_id\" value=\"1589\"\/>\n\t\t\t<input type=\"hidden\" name=\"form_id\" value=\"66768aa\"\/>\n\t\t\t<input type=\"hidden\" name=\"referer_title\" value=\"\" \/>\n\n\t\t\t\n\t\t\t<div class=\"elementor-form-fields-wrapper elementor-labels-above\">\n\t\t\t\t\t\t\t\t<div class=\"elementor-field-type-text elementor-field-group elementor-column elementor-field-group-field_06ed168 elementor-col-100 elementor-field-required elementor-mark-required\">\n\t\t\t\t\t\t\t\t\t\t\t\t<label for=\"form-field-field_06ed168\" class=\"elementor-field-label\">\n\t\t\t\t\t\t\t\tNom \/ pr\u00e9nom\t\t\t\t\t\t\t<\/label>\n\t\t\t\t\t\t\t\t\t\t\t\t\t\t<input size=\"1\" type=\"text\" name=\"form_fields[field_06ed168]\" id=\"form-field-field_06ed168\" class=\"elementor-field elementor-size-sm  elementor-field-textual\" required=\"required\" aria-required=\"true\">\n\t\t\t\t\t\t\t\t\t\t\t<\/div>\n\t\t\t\t\t\t\t\t<div class=\"elementor-field-type-email elementor-field-group elementor-column elementor-field-group-field_9c0d0cb elementor-col-100 elementor-field-required elementor-mark-required\">\n\t\t\t\t\t\t\t\t\t\t\t\t<label for=\"form-field-field_9c0d0cb\" class=\"elementor-field-label\">\n\t\t\t\t\t\t\t\tEmail\t\t\t\t\t\t\t<\/label>\n\t\t\t\t\t\t\t\t\t\t\t\t\t\t<input size=\"1\" type=\"email\" name=\"form_fields[field_9c0d0cb]\" id=\"form-field-field_9c0d0cb\" class=\"elementor-field elementor-size-sm  elementor-field-textual\" required=\"required\" aria-required=\"true\">\n\t\t\t\t\t\t\t\t\t\t\t<\/div>\n\t\t\t\t\t\t\t\t<div class=\"elementor-field-type-tel elementor-field-group elementor-column elementor-field-group-field_34100f1 elementor-col-100 elementor-field-required elementor-mark-required\">\n\t\t\t\t\t\t\t\t\t\t\t\t<label for=\"form-field-field_34100f1\" class=\"elementor-field-label\">\n\t\t\t\t\t\t\t\tT\u00e9l\u00e9phone\t\t\t\t\t\t\t<\/label>\n\t\t\t\t\t\t\t\t<input size=\"1\" type=\"tel\" name=\"form_fields[field_34100f1]\" id=\"form-field-field_34100f1\" class=\"elementor-field elementor-size-sm  elementor-field-textual\" required=\"required\" aria-required=\"true\" pattern=\"[0-9()#&amp;+*-=.]+\" title=\"Only numbers and phone characters (#, -, *, etc) are accepted.\">\n\n\t\t\t\t\t\t<\/div>\n\t\t\t\t\t\t\t\t<div class=\"elementor-field-type-select elementor-field-group elementor-column elementor-field-group-field_7750c62 elementor-col-100 elementor-field-required elementor-mark-required\">\n\t\t\t\t\t\t\t\t\t\t\t\t<label for=\"form-field-field_7750c62\" class=\"elementor-field-label\">\n\t\t\t\t\t\t\t\tFormule choisi\t\t\t\t\t\t\t<\/label>\n\t\t\t\t\t\t\t\t<div class=\"elementor-field elementor-select-wrapper remove-before \">\n\t\t\t<select name=\"form_fields[field_7750c62]\" id=\"form-field-field_7750c62\" class=\"elementor-field-textual elementor-size-sm\" required=\"required\" aria-required=\"true\">\n\t\t\t\t\t\t\t\t\t<option value=\"Option 1\">Formule 10\u20ac <\/option>\n\t\t\t\t\t\t\t\t\t<option value=\"Option 2\">Formule 17\u20ac <\/option>\n\t\t\t\t\t\t\t\t\t<option value=\"Option 3\">Formule 20\u20ac <\/option>\n\t\t\t\t\t\t\t\t\t<option value=\"Option 4\">Formule 150\u20ac <\/option>\n\t\t\t\t\t\t\t<\/select>\n\t\t<\/div>\n\t\t\t\t\t\t<\/div>\n\t\t\t\t\t\t\t\t<div class=\"elementor-field-type-number elementor-field-group elementor-column elementor-field-group-field_e70fd12 elementor-col-100 elementor-field-required elementor-mark-required\">\n\t\t\t\t\t\t\t\t\t\t\t\t<label for=\"form-field-field_e70fd12\" class=\"elementor-field-label\">\n\t\t\t\t\t\t\t\tNombre de convives\t\t\t\t\t\t\t<\/label>\n\t\t\t\t\t\t\t\t\t<input type=\"number\" name=\"form_fields[field_e70fd12]\" id=\"form-field-field_e70fd12\" class=\"elementor-field elementor-size-sm  elementor-field-textual\" required=\"required\" aria-required=\"true\" min=\"1\" max=\"4\" >\n\t\t\t\t\t\t<\/div>\n\t\t\t\t\t\t\t\t<div class=\"elementor-field-type-text elementor-field-group elementor-column elementor-field-group-field_f6690ee elementor-col-100\">\n\t\t\t\t\t\t\t\t\t\t\t\t<label for=\"form-field-field_f6690ee\" class=\"elementor-field-label\">\n\t\t\t\t\t\t\t\tMessage\t\t\t\t\t\t\t<\/label>\n\t\t\t\t\t\t\t\t\t\t\t\t\t\t<input size=\"1\" type=\"text\" name=\"form_fields[field_f6690ee]\" id=\"form-field-field_f6690ee\" class=\"elementor-field elementor-size-sm  elementor-field-textual\">\n\t\t\t\t\t\t\t\t\t\t\t<\/div>\n\t\t\t\t\t\t\t\t<div class=\"elementor-field-group elementor-column elementor-field-type-submit elementor-col-100 e-form__buttons\">\n\t\t\t\t\t<button type=\"submit\" class=\"elementor-button\">\n\t\t\t\t\t\t<span >\n\t\t\t\t\t\t\t\t\t\t\t\t\t\t\t<span class=\" elementor-button-icon\">\n\t\t\t\t\t\t\t\t\t\t\t\t\t\t\t\t\t\t\t\t\t\t\t\t\t\t<\/span>\n\t\t\t\t\t\t\t\t\t\t\t\t\t\t\t\t\t\t\t\t\t\t<span class=\"elementor-button-text\">Envoyer et payer<\/span>\n\t\t\t\t\t\t\t\t\t\t\t\t\t<\/span>\n\t\t\t\t\t<\/button>\n          <button type=\"reset\" class=\"elementor-button elementor-hidden\">\n\t\t\t\t\t\t<span >\n\t\t\t\t\t\t\t              \t\t\t\t\t\t<\/span>\n          <\/button>\n\t\t\t\t<\/div>\n            \t\t\t<\/div>\n\t\t<\/form>\n\t\t\t\t\t\t<\/div>\n\t\t\t\t<\/div>\n\t\t\t\t\t<\/div>\n\t\t\t\t<\/div>\n\t\t<div class=\"elementor-element elementor-element-e2mxja9m e-con-full twbb_section e-flex e-con e-parent\" data-id=\"e2mxja9m\" data-element_type=\"container\" data-e-type=\"container\" id=\"in-partnership-with\" data-settings=\"{&quot;background_background&quot;:&quot;classic&quot;}\">\n\t\t\t\t<div class=\"elementor-element elementor-element-w7p19e78 elementor-widget__width-initial elementor-widget-mobile__width-inherit elementor-widget-tablet__width-initial elementor-invisible elementor-widget elementor-widget-heading\" data-id=\"w7p19e78\" data-element_type=\"widget\" data-e-type=\"widget\" data-settings=\"{&quot;_animation&quot;:&quot;fadeInUp&quot;}\" data-widget_type=\"heading.default\">\n\t\t\t\t<div class=\"elementor-widget-container\">\n\t\t\t\t\t<h4 class=\"elementor-heading-title elementor-size-default\">En partenariat avec<\/h4>\t\t\t\t<\/div>\n\t\t\t\t<\/div>\n\t\t\t\t<div class=\"elementor-element elementor-element-x8519880 twbb_dummy elementor-widget__width-initial elementor-widget-mobile__width-inherit elementor-widget-tablet__width-initial twbb-slider-inner-position-outside elementor--h-position-left twbb-speed-linear-yes elementor-widget elementor-widget-twbb_slides\" data-id=\"x8519880\" data-element_type=\"widget\" data-e-type=\"widget\" data-settings=\"{&quot;navigation&quot;:&quot;none&quot;,&quot;space_between&quot;:{&quot;unit&quot;:&quot;px&quot;,&quot;size&quot;:72,&quot;sizes&quot;:[]},&quot;slides_per_view&quot;:6,&quot;slides_per_view_mobile&quot;:3,&quot;autoplay_speed&quot;:0,&quot;transition_speed&quot;:5000,&quot;space_between_mobile&quot;:{&quot;unit&quot;:&quot;px&quot;,&quot;size&quot;:36,&quot;sizes&quot;:[]},&quot;speed_liner&quot;:&quot;yes&quot;,&quot;autoplay&quot;:&quot;yes&quot;,&quot;pause_on_hover&quot;:&quot;yes&quot;,&quot;pause_on_interaction&quot;:&quot;yes&quot;,&quot;infinite&quot;:&quot;yes&quot;,&quot;transition&quot;:&quot;slide&quot;,&quot;space_between_tablet&quot;:{&quot;unit&quot;:&quot;px&quot;,&quot;size&quot;:10,&quot;sizes&quot;:[]}}\" data-widget_type=\"twbb_slides.default\">\n\t\t\t\t<div class=\"elementor-widget-container\">\n\t\t\t\t\t\t\t<div class=\"elementor-swiper\">\n\t\t\t<div class=\"twbb_slides-wrapper elementor-main-swiper swiper\" dir=\"ltr\" data-animation=\"\">\n\t\t\t\t<div class=\"swiper-wrapper twbb_slides-widget\">\n                                        <div class=\"elementor-repeater-item-rd6e8t87 swiper-slide\"><div class=\"swiper-slide-bg\"><\/div><a class=\"swiper-slide-inner\" href=\"#www.expression-art.fr\"><div class=\"swiper-slide-contents\"><div class=\"elementor-slide-heading\">Expression art<\/div><div class=\"elementor-slide-description\">Expression art<\/div><div  class=\"elementor-button elementor-slide-button elementor-size-sm\">Expression art<\/div><\/div><\/a><\/div><div class=\"elementor-repeater-item-oda4202y swiper-slide\"><div class=\"swiper-slide-bg\"><\/div><a class=\"swiper-slide-inner\" href=\"#restaurant-stunningland.com\"><div class=\"swiper-slide-contents\"><div class=\"elementor-slide-heading\">Stunning Land<\/div><\/div><\/a><\/div>\t\t\t\t<\/div>\n\t\t\t\t\t\t\t\t\t\t\t\t\t\t\t\t\t\t\t\t\t<\/div>\n\t\t<\/div>\n\t\t\t\t\t\t<\/div>\n\t\t\t\t<\/div>\n\t\t\t\t<\/div>\n\t\t\t\t<\/div>\n\t\t","protected":false},"excerpt":{"rendered":"<p>Ne Ratez Pas cette Occasion! \ud83d\udd25 DESI VIBES \ud83d\udd25 Pr\u00eat \u00e0 vivre une soir\u00e9e hors du commun ?Plonge dans une ambiance 100% Desi o\u00f9 les couleurs, les sons et l\u2019\u00e9nergie ne font qu\u2019un \ud83d\udc83 Au programme :\u2728 DJ &amp; sons festifs\ud83d\udd25 Dancefloor\u00a0\ud83c\udf36\ufe0f Ambiance \u00e9pic\u00e9e et immersive\ud83c\udf89 Surprises &amp; animations Ram\u00e8ne ton crew, sors ton meilleur [&hellip;]<\/p>\n","protected":false},"author":0,"featured_media":0,"parent":0,"menu_order":0,"comment_status":"closed","ping_status":"draft","template":"","meta":{"two_page_speed":[],"footnotes":""},"class_list":["post-1589","page","type-page","status-publish","hentry"],"_links":{"self":[{"href":"https:\/\/restaurant-stunningland.com\/index.php?rest_route=\/wp\/v2\/pages\/1589","targetHints":{"allow":["GET"]}}],"collection":[{"href":"https:\/\/restaurant-stunningland.com\/index.php?rest_route=\/wp\/v2\/pages"}],"about":[{"href":"https:\/\/restaurant-stunningland.com\/index.php?rest_route=\/wp\/v2\/types\/page"}],"replies":[{"embeddable":true,"href":"https:\/\/restaurant-stunningland.com\/index.php?rest_route=%2Fwp%2Fv2%2Fcomments&post=1589"}],"version-history":[{"count":23,"href":"https:\/\/restaurant-stunningland.com\/index.php?rest_route=\/wp\/v2\/pages\/1589\/revisions"}],"predecessor-version":[{"id":1634,"href":"https:\/\/restaurant-stunningland.com\/index.php?rest_route=\/wp\/v2\/pages\/1589\/revisions\/1634"}],"wp:attachment":[{"href":"https:\/\/restaurant-stunningland.com\/index.php?rest_route=%2Fwp%2Fv2%2Fmedia&parent=1589"}],"curies":[{"name":"wp","href":"https:\/\/api.w.org\/{rel}","templated":true}]}}