{"id":197,"date":"2025-01-12T12:47:23","date_gmt":"2025-01-12T12:47:23","guid":{"rendered":"https:\/\/restaurant-stunningland.com\/menu\/"},"modified":"2025-10-19T17:50:27","modified_gmt":"2025-10-19T16:50:27","slug":"menu","status":"publish","type":"page","link":"https:\/\/restaurant-stunningland.com\/?page_id=197","title":{"rendered":"Menu"},"content":{"rendered":"\t\t<div data-elementor-type=\"wp-page\" data-elementor-id=\"197\" class=\"elementor elementor-197\">\n\t\t\t\t<div class=\"elementor-element elementor-element-p8wvno9z twbb_section e-flex e-con-boxed e-con e-parent\" data-id=\"p8wvno9z\" data-element_type=\"container\" data-e-type=\"container\" id=\"menu-overview\">\n\t\t\t\t\t<div class=\"e-con-inner\">\n\t\t\t\t<div class=\"elementor-element elementor-element-3bzt3xr3 elementor-widget__width-initial elementor-widget-mobile__width-inherit elementor-widget-tablet__width-initial elementor-widget elementor-widget-image\" data-id=\"3bzt3xr3\" data-element_type=\"widget\" data-e-type=\"widget\" data-widget_type=\"image.default\">\n\t\t\t\t<div class=\"elementor-widget-container\">\n\t\t\t\t\t\t\t\t\t\t\t\t\t\t\t<img fetchpriority=\"high\" decoding=\"async\" width=\"1051\" height=\"639\" src=\"https:\/\/restaurant-stunningland.com\/wp-content\/uploads\/2025\/01\/Capture-decran-2025-01-16-194239.png\" class=\"attachment-full size-full wp-image-480\" alt=\"\" srcset=\"https:\/\/restaurant-stunningland.com\/wp-content\/uploads\/2025\/01\/Capture-decran-2025-01-16-194239.png 1051w, https:\/\/restaurant-stunningland.com\/wp-content\/uploads\/2025\/01\/Capture-decran-2025-01-16-194239-800x486.png 800w, https:\/\/restaurant-stunningland.com\/wp-content\/uploads\/2025\/01\/Capture-decran-2025-01-16-194239-300x182.png 300w, https:\/\/restaurant-stunningland.com\/wp-content\/uploads\/2025\/01\/Capture-decran-2025-01-16-194239-1024x623.png 1024w, https:\/\/restaurant-stunningland.com\/wp-content\/uploads\/2025\/01\/Capture-decran-2025-01-16-194239-768x467.png 768w, https:\/\/restaurant-stunningland.com\/wp-content\/uploads\/2025\/01\/Capture-decran-2025-01-16-194239-600x365.png 600w\" sizes=\"(max-width: 1051px) 100vw, 1051px\" \/>\t\t\t\t\t\t\t\t\t\t\t\t\t\t\t<\/div>\n\t\t\t\t<\/div>\n\t\t<div class=\"elementor-element elementor-element-eysr9g7x e-con-full e-flex e-con e-child\" data-id=\"eysr9g7x\" data-element_type=\"container\" data-e-type=\"container\">\n\t\t\t\t<div class=\"elementor-element elementor-element-3mfyf6cy elementor-widget-mobile__width-inherit elementor-widget-tablet__width-initial twbb-headline--style-highlight elementor-widget elementor-widget-twbbanimated-headline\" data-id=\"3mfyf6cy\" data-element_type=\"widget\" data-e-type=\"widget\" data-settings=\"{&quot;highlighted_text&quot;:&quot;Nos plats Indo\\\/Sri Lankais traditionnels&quot;,&quot;marker&quot;:&quot;double&quot;,&quot;headline_style&quot;:&quot;highlight&quot;}\" data-widget_type=\"twbbanimated-headline.default\">\n\t\t\t\t<div class=\"elementor-widget-container\">\n\t\t\t\t\t    <h1 class=\"twbb-headline\">\n        <span class=\"twbb-headline-dynamic-wrapper twbb-headline-text-wrapper\"><\/span>\n        <\/h1>\n    \t\t\t\t<\/div>\n\t\t\t\t<\/div>\n\t\t\t\t<div class=\"elementor-element elementor-element-murrm0oc elementor-widget__width-initial elementor-widget-mobile__width-inherit elementor-widget-tablet__width-initial elementor-invisible elementor-widget elementor-widget-text-editor\" data-id=\"murrm0oc\" data-element_type=\"widget\" data-e-type=\"widget\" data-settings=\"{&quot;_animation&quot;:&quot;fadeInUp&quot;}\" data-widget_type=\"text-editor.default\">\n\t\t\t\t<div class=\"elementor-widget-container\">\n\t\t\t\t\t\t\t\t\t<div class=\"flex-1 overflow-hidden @container\/thread\"><div class=\"h-full\"><div class=\"react-scroll-to-bottom--css-aoimx-79elbk h-full\"><div class=\"react-scroll-to-bottom--css-aoimx-1n7m0yu\"><div class=\"flex flex-col text-sm md:pb-9\"><article class=\"w-full scroll-mb-[var(--thread-trailing-height,150px)] text-token-text-primary focus-visible:outline-2 focus-visible:outline-offset-[-4px]\" dir=\"auto\" data-testid=\"conversation-turn-9\" data-scroll-anchor=\"true\"><div class=\"m-auto text-base py-[18px] px-3 md:px-4 w-full md:px-5 lg:px-4 xl:px-5\"><div class=\"mx-auto flex flex-1 gap-4 text-base md:gap-5 lg:gap-6 md:max-w-3xl\"><div class=\"group\/conversation-turn relative flex w-full min-w-0 flex-col agent-turn\"><div class=\"flex-col gap-1 md:gap-3\"><div class=\"flex max-w-full flex-col flex-grow\"><div class=\"min-h-8 text-message flex w-full flex-col items-end gap-2 whitespace-normal break-words text-start [.text-message+&amp;]:mt-5\" dir=\"auto\" data-message-author-role=\"assistant\" data-message-id=\"024115ef-d4c5-47d2-b151-61286c64fd9c\" data-message-model-slug=\"gpt-4o-mini\"><div class=\"flex w-full flex-col gap-1 empty:hidden first:pt-[3px]\"><div class=\"markdown prose w-full break-words dark:prose-invert light\"><p>La cuisine indienne et sri-lankaise est un v\u00e9ritable feu d\u2019artifice de saveurs et d\u2019ar\u00f4mes. Imaginez des <strong>currys cr\u00e9meux<\/strong>, des <strong>biryani parfum\u00e9s<\/strong> et des <strong>naan<\/strong> tout juste sortis du four, le tout sublim\u00e9 par des \u00e9pices enivrantes comme le cumin, le curcuma et le garam masala. Chaque bouch\u00e9e est une aventure, que vous soyez plong\u00e9 dans les <strong>sp\u00e9cialit\u00e9s du Punjab<\/strong> ou les <strong>d\u00e9lices du Kerala<\/strong>.<\/p><p>C\u00f4t\u00e9 sri-lankais, pr\u00e9parez-vous \u00e0 d\u00e9couvrir des <strong>currys \u00e0 la noix de coco<\/strong> d\u2019une richesse incroyable, des <strong>kottu roti<\/strong> \u00e9pic\u00e9s et des <strong>riz et curry<\/strong> vibrants de saveurs. Les <strong>fruits de mer<\/strong> fra\u00eechement p\u00each\u00e9s et la <strong>sambol<\/strong> piquante ajoutent une touche irr\u00e9sistible \u00e0 cette cuisine pleine de caract\u00e8re.<\/p><p>Ces deux traditions vous invitent \u00e0 explorer un monde culinaire o\u00f9 chaque plat est une explosion de go\u00fbts. Pr\u00eats \u00e0 \u00e9veiller vos papilles et voyager sans bouger ?<\/p><\/div><\/div><\/div><\/div><div class=\"mb-2 flex gap-3 empty:hidden -ml-2\"><div class=\"items-center justify-start rounded-xl p-1 flex\"><div class=\"flex items-center\">\u00a0<\/div><\/div><\/div><div class=\"pr-2 lg:pr-0\">\u00a0<\/div><div class=\"mt-3 w-full empty:hidden\"><div class=\"text-center\">\u00a0<\/div><\/div><\/div><div class=\"absolute\"><div class=\"flex items-center justify-center\">\u00a0<\/div><\/div><\/div><\/div><\/div><\/article><\/div><\/div><\/div><\/div><\/div><div class=\"md:pt-0 dark:border-white\/20 md:border-transparent md:dark:border-transparent w-full\"><div><div class=\"m-auto text-base px-3 md:px-4 w-full md:px-5 lg:px-4 xl:px-5\"><div class=\"mx-auto flex flex-1 gap-4 text-base md:gap-5 lg:gap-6 md:max-w-3xl\"><div class=\"flex justify-center\">\u00a0<\/div><\/div><\/div><\/div><\/div>\t\t\t\t\t\t\t\t<\/div>\n\t\t\t\t<\/div>\n\t\t\t\t<\/div>\n\t\t\t\t\t<\/div>\n\t\t\t\t<\/div>\n\t\t<div class=\"elementor-element elementor-element-849f80f twbb_section e-flex e-con-boxed e-con e-parent\" data-id=\"849f80f\" data-element_type=\"container\" data-e-type=\"container\">\n\t\t\t\t\t<div class=\"e-con-inner\">\n\t\t\t\t<div class=\"elementor-element elementor-element-6b900ab elementor-widget__width-initial elementor-widget-mobile__width-inherit elementor-widget-tablet__width-initial elementor-widget elementor-widget-image\" data-id=\"6b900ab\" data-element_type=\"widget\" data-e-type=\"widget\" data-widget_type=\"image.default\">\n\t\t\t\t<div class=\"elementor-widget-container\">\n\t\t\t\t\t\t\t\t\t\t\t\t\t\t\t<img decoding=\"async\" width=\"322\" height=\"252\" src=\"https:\/\/restaurant-stunningland.com\/wp-content\/uploads\/2025\/01\/Capture-decran_25-1-2025_122351_merchants.ubereats.com_.jpeg\" class=\"attachment-full size-full wp-image-806\" alt=\"\" srcset=\"https:\/\/restaurant-stunningland.com\/wp-content\/uploads\/2025\/01\/Capture-decran_25-1-2025_122351_merchants.ubereats.com_.jpeg 322w, https:\/\/restaurant-stunningland.com\/wp-content\/uploads\/2025\/01\/Capture-decran_25-1-2025_122351_merchants.ubereats.com_-300x235.jpeg 300w\" sizes=\"(max-width: 322px) 100vw, 322px\" \/>\t\t\t\t\t\t\t\t\t\t\t\t\t\t\t<\/div>\n\t\t\t\t<\/div>\n\t\t<div class=\"elementor-element elementor-element-1977ebe e-con-full e-flex e-con e-child\" data-id=\"1977ebe\" data-element_type=\"container\" data-e-type=\"container\">\n\t\t\t\t<div class=\"elementor-element elementor-element-ec59e13 elementor-widget__width-initial elementor-widget-mobile__width-inherit elementor-widget-tablet__width-initial twbb-headline--style-highlight elementor-widget elementor-widget-twbbanimated-headline\" data-id=\"ec59e13\" data-element_type=\"widget\" data-e-type=\"widget\" data-settings=\"{&quot;highlighted_text&quot;:&quot;Nos Street Food&quot;,&quot;marker&quot;:&quot;underline_zigzag&quot;,&quot;headline_style&quot;:&quot;highlight&quot;}\" data-widget_type=\"twbbanimated-headline.default\">\n\t\t\t\t<div class=\"elementor-widget-container\">\n\t\t\t\t\t    <h1 class=\"twbb-headline\">\n        <span class=\"twbb-headline-dynamic-wrapper twbb-headline-text-wrapper\"><\/span>\n        <\/h1>\n    \t\t\t\t<\/div>\n\t\t\t\t<\/div>\n\t\t\t\t<div class=\"elementor-element elementor-element-f99dfc1 elementor-widget__width-initial elementor-widget-mobile__width-inherit elementor-widget-tablet__width-initial elementor-invisible elementor-widget elementor-widget-text-editor\" data-id=\"f99dfc1\" data-element_type=\"widget\" data-e-type=\"widget\" data-settings=\"{&quot;_animation&quot;:&quot;fadeInUp&quot;}\" data-widget_type=\"text-editor.default\">\n\t\t\t\t<div class=\"elementor-widget-container\">\n\t\t\t\t\t\t\t\t\t<div class=\"flex-1 overflow-hidden @container\/thread\"><div class=\"h-full\"><div class=\"react-scroll-to-bottom--css-aoimx-79elbk h-full\"><div class=\"react-scroll-to-bottom--css-aoimx-1n7m0yu\"><div class=\"flex flex-col text-sm md:pb-9\"><article class=\"w-full scroll-mb-[var(--thread-trailing-height,150px)] text-token-text-primary focus-visible:outline-2 focus-visible:outline-offset-[-4px]\" dir=\"auto\" data-testid=\"conversation-turn-15\" data-scroll-anchor=\"true\"><div class=\"m-auto text-base py-[18px] px-3 md:px-4 w-full md:px-5 lg:px-4 xl:px-5\"><div class=\"mx-auto flex flex-1 gap-4 text-base md:gap-5 lg:gap-6 md:max-w-3xl\"><div class=\"group\/conversation-turn relative flex w-full min-w-0 flex-col agent-turn\"><div class=\"flex-col gap-1 md:gap-3\"><div class=\"flex max-w-full flex-col flex-grow\"><div class=\"min-h-8 text-message flex w-full flex-col items-end gap-2 whitespace-normal break-words text-start [.text-message+&amp;]:mt-5\" dir=\"auto\" data-message-author-role=\"assistant\" data-message-id=\"2f746b5c-d631-41cd-a8af-13aa7c5cbce2\" data-message-model-slug=\"gpt-4o-mini\"><div class=\"flex w-full flex-col gap-1 empty:hidden first:pt-[3px]\"><div class=\"markdown prose w-full break-words dark:prose-invert light\"><p>La street food indienne et sri-lankaise est une explosion de saveurs, parfaite pour d\u00e9couvrir les cultures de ces pays \u00e0 travers leurs plats populaires. En Inde, des classiques comme le <strong>pani puri<\/strong>, les <strong>samosas<\/strong> \u00e9pic\u00e9s et le <strong>chole bhature<\/strong> se d\u00e9gustent \u00e0 chaque coin de rue. Les <strong>chaats<\/strong>, avec leur m\u00e9lange de pommes de terre, yaourt et chutneys, sont un must pour ceux qui aiment le piquant et le frais.<\/p><p>Au Sri Lanka, le <strong>kottu roti<\/strong> (pain hach\u00e9 saut\u00e9 avec l\u00e9gumes, viande et \u00e9pices) et les <b>Dossai<\/b>\u00a0(cr\u00eapes l\u00e9g\u00e8res garnies de curry ou de miel) sont des incontournables. Les <strong>vadei<\/strong>, des galettes frites aux crevettes \u00e9pic\u00e9es, ajoutent une touche savoureuse \u00e0 l\u2019exp\u00e9rience.<\/p><p>Que ce soit en Inde ou au Sri Lanka, la street food vous offre une v\u00e9ritable immersion dans l&rsquo;authenticit\u00e9 culinaire, o\u00f9 chaque bouch\u00e9e est un voyage de saveurs.<\/p><\/div><\/div><\/div><\/div><div class=\"mb-2 flex gap-3 empty:hidden -ml-2\"><div class=\"items-center justify-start rounded-xl p-1 flex\"><div class=\"flex items-center\">\u00a0<\/div><\/div><\/div><div class=\"pr-2 lg:pr-0\">\u00a0<\/div><div class=\"mt-3 w-full empty:hidden\"><div class=\"text-center\">\u00a0<\/div><\/div><\/div><div class=\"absolute\"><div class=\"flex items-center justify-center\">\u00a0<\/div><\/div><\/div><\/div><\/div><\/article><\/div><\/div><\/div><\/div><\/div><div class=\"md:pt-0 dark:border-white\/20 md:border-transparent md:dark:border-transparent w-full\"><div><div class=\"m-auto text-base px-3 md:px-4 w-full md:px-5 lg:px-4 xl:px-5\"><div class=\"mx-auto flex flex-1 gap-4 text-base md:gap-5 lg:gap-6 md:max-w-3xl\"><div class=\"flex justify-center\">\u00a0<\/div><\/div><\/div><\/div><\/div>\t\t\t\t\t\t\t\t<\/div>\n\t\t\t\t<\/div>\n\t\t\t\t<\/div>\n\t\t\t\t\t<\/div>\n\t\t\t\t<\/div>\n\t\t<div class=\"elementor-element elementor-element-9a00f1a twbb_section e-flex e-con-boxed e-con e-parent\" data-id=\"9a00f1a\" data-element_type=\"container\" data-e-type=\"container\">\n\t\t\t\t\t<div class=\"e-con-inner\">\n\t\t\t\t<div class=\"elementor-element elementor-element-d7d2951 elementor-widget__width-initial elementor-widget-mobile__width-inherit elementor-widget-tablet__width-initial elementor-widget elementor-widget-image\" data-id=\"d7d2951\" data-element_type=\"widget\" data-e-type=\"widget\" data-widget_type=\"image.default\">\n\t\t\t\t<div class=\"elementor-widget-container\">\n\t\t\t\t\t\t\t\t\t\t\t\t\t\t\t<img decoding=\"async\" width=\"316\" height=\"259\" src=\"https:\/\/restaurant-stunningland.com\/wp-content\/uploads\/2025\/01\/Capture-decran-2025-01-25-153859.png\" class=\"attachment-full size-full wp-image-807\" alt=\"\" srcset=\"https:\/\/restaurant-stunningland.com\/wp-content\/uploads\/2025\/01\/Capture-decran-2025-01-25-153859.png 316w, https:\/\/restaurant-stunningland.com\/wp-content\/uploads\/2025\/01\/Capture-decran-2025-01-25-153859-300x246.png 300w\" sizes=\"(max-width: 316px) 100vw, 316px\" \/>\t\t\t\t\t\t\t\t\t\t\t\t\t\t\t<\/div>\n\t\t\t\t<\/div>\n\t\t<div class=\"elementor-element elementor-element-7703407 e-con-full e-flex e-con e-child\" data-id=\"7703407\" data-element_type=\"container\" data-e-type=\"container\">\n\t\t\t\t<div class=\"elementor-element elementor-element-7ab9e5b elementor-widget__width-initial elementor-widget-mobile__width-inherit elementor-widget-tablet__width-initial twbb-headline--style-highlight elementor-widget elementor-widget-twbbanimated-headline\" data-id=\"7ab9e5b\" data-element_type=\"widget\" data-e-type=\"widget\" data-settings=\"{&quot;highlighted_text&quot;:&quot;Le menu bistrot revisit\\u00e9&quot;,&quot;marker&quot;:&quot;underline&quot;,&quot;headline_style&quot;:&quot;highlight&quot;}\" data-widget_type=\"twbbanimated-headline.default\">\n\t\t\t\t<div class=\"elementor-widget-container\">\n\t\t\t\t\t    <h1 class=\"twbb-headline\">\n        <span class=\"twbb-headline-dynamic-wrapper twbb-headline-text-wrapper\"><\/span>\n        <\/h1>\n    \t\t\t\t<\/div>\n\t\t\t\t<\/div>\n\t\t\t\t<div class=\"elementor-element elementor-element-df4bfda elementor-widget__width-initial elementor-widget-mobile__width-inherit elementor-widget-tablet__width-initial elementor-invisible elementor-widget elementor-widget-text-editor\" data-id=\"df4bfda\" data-element_type=\"widget\" data-e-type=\"widget\" data-settings=\"{&quot;_animation&quot;:&quot;fadeInUp&quot;}\" data-widget_type=\"text-editor.default\">\n\t\t\t\t<div class=\"elementor-widget-container\">\n\t\t\t\t\t\t\t\t\t<p>Bienvenue dans notre bistrot indien. D\u00e9couvrez une exp\u00e9rience culinaire authentique et chaleureuse, avec une s\u00e9lection qui inclut aussi une revisite de plats fran\u00e7ais traditionnels subtils ar\u00f4matis\u00e9s aux \u00e9pices indiennes.<\/p>\t\t\t\t\t\t\t\t<\/div>\n\t\t\t\t<\/div>\n\t\t\t\t<\/div>\n\t\t\t\t\t<\/div>\n\t\t\t\t<\/div>\n\t\t<div class=\"elementor-element elementor-element-31519c49 twbb_section e-flex e-con-boxed e-con e-parent\" data-id=\"31519c49\" data-element_type=\"container\" data-e-type=\"container\">\n\t\t\t\t\t<div class=\"e-con-inner\">\n\t\t\t\t<div class=\"elementor-element elementor-element-3f799111 elementor-widget__width-initial elementor-widget-mobile__width-inherit elementor-widget-tablet__width-initial twbb_cta-button-wrapper-center twbb_cta-valign-align-top twbb_cta-button-wrapper-center twbb_cta-button-wrapper-center twbb_cta-position-button-bottom twbb_cta-tablet-position-button-bottom twbb_cta-mobile-position-button-bottom elementor-invisible elementor-widget elementor-widget-twbb_call-to-action\" data-id=\"3f799111\" data-element_type=\"widget\" data-e-type=\"widget\" data-settings=\"{&quot;_animation&quot;:&quot;fadeInUp&quot;}\" data-widget_type=\"twbb_call-to-action.default\">\n\t\t\t\t<div class=\"elementor-widget-container\">\n\t\t\t\t\t    <div  class=\"twbb_cta-wrapper \">\n      <div class=\"twbb_cta-content-wrapper \">\n    <div class=\"twbb_cta-content-inner\">\n                <h1 class=\"twbb_cta-title\">D\u00e9couvrez Notre Menu<\/h1>\n                    <div class=\"twbb_cta-description\">Explorez notre s\u00e9lection de plats authentiques et savoureux, inspir\u00e9s des traditions culinaires du Sri Lanka et de l'Inde.<\/div>\n              <\/div>\n    <div class=\"twbb_cta-button-wrapper\">\n        <div class=\"twbb_cta-buttons\">\n              <div class=\"twbb_cta-button-item twbb_cta-button-item__one twbb_cta-button-enable-yes\">\n          <a href=\"https:\/\/restaurant-stunningland.com\/wp-content\/uploads\/2025\/07\/Restaurant-Menu-new.pdf\" class=\"elementor-button twbb_cta-button elementor-size- twbb_cta-button__one\"            >Voir le Menu<\/a>\n        <\/div>\n                        <\/div>\n    <\/div>\n  <\/div>\n        <\/div>\n\t\t\t\t<\/div>\n\t\t\t\t<\/div>\n\t\t\t\t\t<\/div>\n\t\t\t\t<\/div>\n\t\t<div class=\"elementor-element elementor-element-09195ce e-flex e-con-boxed e-con e-parent\" data-id=\"09195ce\" data-element_type=\"container\" data-e-type=\"container\">\n\t\t\t\t\t<div class=\"e-con-inner\">\n\t\t\t\t<div class=\"elementor-element elementor-element-866 elementor-view-default elementor-widget elementor-widget-global elementor-global-866 elementor-widget-icon\" data-id=\"866\" data-element_type=\"widget\" data-e-type=\"widget\" data-settings=\"{&quot;motion_fx_motion_fx_mouse&quot;:&quot;yes&quot;,&quot;tenweb_front_page_only&quot;:&quot;yes&quot;}\" data-widget_type=\"icon.default\">\n\t\t\t\t<div class=\"elementor-widget-container\">\n\t\t\t\t\t\t\t\t\t<\/div>\n\t\t\t\t<\/div>\n\t\t\t\t\t<\/div>\n\t\t\t\t<\/div>\n\t\t\t\t<\/div>\n\t\t","protected":false},"excerpt":{"rendered":"<p>La cuisine indienne et sri-lankaise est un v\u00e9ritable feu d\u2019artifice de saveurs et d\u2019ar\u00f4mes. Imaginez des currys cr\u00e9meux, des biryani parfum\u00e9s et des naan tout juste sortis du four, le tout sublim\u00e9 par des \u00e9pices enivrantes comme le cumin, le curcuma et le garam masala. Chaque bouch\u00e9e est une aventure, que vous soyez plong\u00e9 dans [&hellip;]<\/p>\n","protected":false},"author":2,"featured_media":0,"parent":0,"menu_order":0,"comment_status":"closed","ping_status":"closed","template":"","meta":{"two_page_speed":[],"footnotes":""},"class_list":["post-197","page","type-page","status-publish","hentry"],"_links":{"self":[{"href":"https:\/\/restaurant-stunningland.com\/index.php?rest_route=\/wp\/v2\/pages\/197","targetHints":{"allow":["GET"]}}],"collection":[{"href":"https:\/\/restaurant-stunningland.com\/index.php?rest_route=\/wp\/v2\/pages"}],"about":[{"href":"https:\/\/restaurant-stunningland.com\/index.php?rest_route=\/wp\/v2\/types\/page"}],"author":[{"embeddable":true,"href":"https:\/\/restaurant-stunningland.com\/index.php?rest_route=\/wp\/v2\/users\/2"}],"replies":[{"embeddable":true,"href":"https:\/\/restaurant-stunningland.com\/index.php?rest_route=%2Fwp%2Fv2%2Fcomments&post=197"}],"version-history":[{"count":0,"href":"https:\/\/restaurant-stunningland.com\/index.php?rest_route=\/wp\/v2\/pages\/197\/revisions"}],"wp:attachment":[{"href":"https:\/\/restaurant-stunningland.com\/index.php?rest_route=%2Fwp%2Fv2%2Fmedia&parent=197"}],"curies":[{"name":"wp","href":"https:\/\/api.w.org\/{rel}","templated":true}]}}