{"id":200,"date":"2025-01-12T12:47:23","date_gmt":"2025-01-12T12:47:23","guid":{"rendered":"https:\/\/restaurant-stunningland.com\/terms-and-conditions\/"},"modified":"2025-01-12T12:47:26","modified_gmt":"2025-01-12T12:47:26","slug":"terms-and-conditions","status":"publish","type":"page","link":"https:\/\/restaurant-stunningland.com\/?page_id=200","title":{"rendered":"Terms and Conditions"},"content":{"rendered":"\t\t<div data-elementor-type=\"wp-page\" data-elementor-id=\"200\" class=\"elementor elementor-200\">\n\t\t\t\t<div class=\"elementor-element elementor-element-jsf5fbdw twbb_section e-con-boxed e-flex e-con e-parent\" data-id=\"jsf5fbdw\" data-element_type=\"container\" data-e-type=\"container\">\n\t\t\t\t\t<div class=\"e-con-inner\">\n\t\t\t\t<div class=\"elementor-element elementor-element-eykltxva elementor-widget__width-initial elementor-widget-mobile__width-inherit elementor-widget-tablet__width-initial elementor-invisible elementor-widget elementor-widget-heading\" data-id=\"eykltxva\" data-element_type=\"widget\" data-e-type=\"widget\" data-settings=\"{&quot;_animation&quot;:&quot;fadeInUp&quot;}\" data-widget_type=\"heading.default\">\n\t\t\t\t<div class=\"elementor-widget-container\">\n\t\t\t\t\t<h1 class=\"elementor-heading-title elementor-size-default\">Terms and Conditions<\/h1>\t\t\t\t<\/div>\n\t\t\t\t<\/div>\n\t\t\t\t\t<\/div>\n\t\t\t\t<\/div>\n\t\t<div class=\"elementor-element elementor-element-fu1t8bzr twbb_section e-con-boxed e-flex e-con e-parent\" data-id=\"fu1t8bzr\" data-element_type=\"container\" data-e-type=\"container\">\n\t\t\t\t\t<div class=\"e-con-inner\">\n\t\t\t\t<div class=\"elementor-element elementor-element-vukzt0qx elementor-widget__width-initial elementor-widget-mobile__width-inherit elementor-widget-tablet__width-initial elementor-invisible elementor-widget elementor-widget-text-editor\" data-id=\"vukzt0qx\" data-element_type=\"widget\" data-e-type=\"widget\" data-settings=\"{&quot;_animation&quot;:&quot;fadeInUp&quot;}\" data-widget_type=\"text-editor.default\">\n\t\t\t\t<div class=\"elementor-widget-container\">\n\t\t\t\t\t\t\t\t\t<p>Bienvenue sur le site web de Stunning Land. En acc\u00e9dant \u00e0 notre site, vous acceptez de respecter et d&rsquo;\u00eatre li\u00e9 par les termes et conditions suivants. Si vous n&rsquo;acceptez pas ces termes, veuillez ne pas utiliser notre site.<\/p><p><strong>1. Utilisation du site<\/strong><br>Vous vous engagez \u00e0 utiliser ce site uniquement \u00e0 des fins l\u00e9gales et d&rsquo;une mani\u00e8re qui ne porte pas atteinte aux droits de, ou ne restreint pas ou n&#8217;emp\u00eache pas l&rsquo;utilisation et la jouissance de ce site par un tiers.<\/p><p><strong>2. Propri\u00e9t\u00e9 intellectuelle<\/strong><br>Tout le contenu de ce site, y compris, mais sans s&rsquo;y limiter, le texte, les graphiques, les logos, les images, et les logiciels, est la propri\u00e9t\u00e9 de Stunning Land ou de ses fournisseurs de contenu et est prot\u00e9g\u00e9 par les lois sur le droit d&rsquo;auteur et les marques.<\/p><p><strong>3. Modifications des termes<\/strong><br>Stunning Land se r\u00e9serve le droit de modifier ces termes et conditions \u00e0 tout moment. Les modifications entreront en vigueur d\u00e8s leur publication sur le site. Il est de votre responsabilit\u00e9 de consulter r\u00e9guli\u00e8rement cette page pour prendre connaissance des modifications.<\/p><p><strong>4. Limitation de responsabilit\u00e9<\/strong><br>Stunning Land ne sera pas responsable des dommages directs, indirects, accessoires, cons\u00e9cutifs ou punitifs r\u00e9sultant de l&rsquo;utilisation ou de l&rsquo;incapacit\u00e9 d&rsquo;utiliser ce site.<\/p><p><strong>5. Droit applicable<\/strong><br>Ces termes et conditions sont r\u00e9gis par les lois en vigueur dans le pays o\u00f9 Stunning Land est \u00e9tabli. Tout litige d\u00e9coulant de l&rsquo;utilisation de ce site sera soumis \u00e0 la juridiction exclusive des tribunaux de ce pays.<\/p>\t\t\t\t\t\t\t\t<\/div>\n\t\t\t\t<\/div>\n\t\t\t\t\t<\/div>\n\t\t\t\t<\/div>\n\t\t\t\t<\/div>\n\t\t","protected":false},"excerpt":{"rendered":"","protected":false},"author":0,"featured_media":0,"parent":0,"menu_order":0,"comment_status":"closed","ping_status":"publish","template":"","meta":{"two_page_speed":[],"footnotes":""},"class_list":["post-200","page","type-page","status-publish","hentry"],"_links":{"self":[{"href":"https:\/\/restaurant-stunningland.com\/index.php?rest_route=\/wp\/v2\/pages\/200","targetHints":{"allow":["GET"]}}],"collection":[{"href":"https:\/\/restaurant-stunningland.com\/index.php?rest_route=\/wp\/v2\/pages"}],"about":[{"href":"https:\/\/restaurant-stunningland.com\/index.php?rest_route=\/wp\/v2\/types\/page"}],"replies":[{"embeddable":true,"href":"https:\/\/restaurant-stunningland.com\/index.php?rest_route=%2Fwp%2Fv2%2Fcomments&post=200"}],"version-history":[{"count":0,"href":"https:\/\/restaurant-stunningland.com\/index.php?rest_route=\/wp\/v2\/pages\/200\/revisions"}],"wp:attachment":[{"href":"https:\/\/restaurant-stunningland.com\/index.php?rest_route=%2Fwp%2Fv2%2Fmedia&parent=200"}],"curies":[{"name":"wp","href":"https:\/\/api.w.org\/{rel}","templated":true}]}}