{"id":201,"date":"2025-01-12T12:47:23","date_gmt":"2025-01-12T12:47:23","guid":{"rendered":"https:\/\/restaurant-stunningland.com\/privacy-policy\/"},"modified":"2025-01-12T12:47:26","modified_gmt":"2025-01-12T12:47:26","slug":"privacy-policy","status":"publish","type":"page","link":"https:\/\/restaurant-stunningland.com\/?page_id=201","title":{"rendered":"Privacy Policy"},"content":{"rendered":"\t\t<div data-elementor-type=\"wp-page\" data-elementor-id=\"201\" class=\"elementor elementor-201\">\n\t\t\t\t<div class=\"elementor-element elementor-element-g0ler5rd twbb_section e-con-boxed e-flex e-con e-parent\" data-id=\"g0ler5rd\" data-element_type=\"container\" data-e-type=\"container\">\n\t\t\t\t\t<div class=\"e-con-inner\">\n\t\t\t\t<div class=\"elementor-element elementor-element-ca8xisz0 elementor-widget__width-initial elementor-widget-mobile__width-inherit elementor-widget-tablet__width-initial elementor-invisible elementor-widget elementor-widget-heading\" data-id=\"ca8xisz0\" data-element_type=\"widget\" data-e-type=\"widget\" data-settings=\"{&quot;_animation&quot;:&quot;fadeInUp&quot;}\" data-widget_type=\"heading.default\">\n\t\t\t\t<div class=\"elementor-widget-container\">\n\t\t\t\t\t<h1 class=\"elementor-heading-title elementor-size-default\">Privacy Policy<\/h1>\t\t\t\t<\/div>\n\t\t\t\t<\/div>\n\t\t\t\t\t<\/div>\n\t\t\t\t<\/div>\n\t\t<div class=\"elementor-element elementor-element-7bkdsy21 twbb_section e-con-boxed e-flex e-con e-parent\" data-id=\"7bkdsy21\" data-element_type=\"container\" data-e-type=\"container\">\n\t\t\t\t\t<div class=\"e-con-inner\">\n\t\t\t\t<div class=\"elementor-element elementor-element-z0n0t3e8 elementor-widget__width-initial elementor-widget-mobile__width-inherit elementor-widget-tablet__width-initial elementor-invisible elementor-widget elementor-widget-text-editor\" data-id=\"z0n0t3e8\" data-element_type=\"widget\" data-e-type=\"widget\" data-settings=\"{&quot;_animation&quot;:&quot;fadeInUp&quot;}\" data-widget_type=\"text-editor.default\">\n\t\t\t\t<div class=\"elementor-widget-container\">\n\t\t\t\t\t\t\t\t\t<p>Chez Stunning Land, nous nous engageons \u00e0 prot\u00e9ger votre vie priv\u00e9e. Cette politique de confidentialit\u00e9 explique comment nous collectons, utilisons et prot\u00e9geons vos informations personnelles lorsque vous visitez notre site.<\/p><p><strong>1. Informations que nous collectons<\/strong><br>Nous pouvons collecter des informations personnelles lorsque vous remplissez des formulaires sur notre site, y compris votre nom, adresse e-mail, num\u00e9ro de t\u00e9l\u00e9phone, et toute autre information que vous choisissez de fournir.<\/p><p><strong>2. Utilisation des informations<\/strong><br>Les informations que nous collectons peuvent \u00eatre utilis\u00e9es pour :<br><ul><li>Am\u00e9liorer notre service client<\/li><li>Personnaliser votre exp\u00e9rience<\/li><li>Vous contacter par e-mail ou t\u00e9l\u00e9phone concernant votre r\u00e9servation ou d&rsquo;autres informations pertinentes<\/li><\/ul><\/p><p><strong>3. Protection des informations<\/strong><br>Nous mettons en \u0153uvre une vari\u00e9t\u00e9 de mesures de s\u00e9curit\u00e9 pour maintenir la s\u00e9curit\u00e9 de vos informations personnelles. Cependant, aucune m\u00e9thode de transmission sur Internet ou m\u00e9thode de stockage \u00e9lectronique n&rsquo;est 100% s\u00e9curis\u00e9e.<\/p><p><strong>4. Partage des informations<\/strong><br>Nous ne vendons, n&rsquo;\u00e9changeons ni ne transf\u00e9rons vos informations personnelles \u00e0 des tiers sans votre consentement, sauf si cela est n\u00e9cessaire pour fournir nos services.<\/p><p><strong>5. Modifications de la politique de confidentialit\u00e9<\/strong><br>Nous nous r\u00e9servons le droit de modifier cette politique de confidentialit\u00e9 \u00e0 tout moment. Nous vous informerons des changements en publiant la nouvelle politique sur cette page.<\/p>\t\t\t\t\t\t\t\t<\/div>\n\t\t\t\t<\/div>\n\t\t\t\t\t<\/div>\n\t\t\t\t<\/div>\n\t\t\t\t<\/div>\n\t\t","protected":false},"excerpt":{"rendered":"","protected":false},"author":0,"featured_media":0,"parent":0,"menu_order":0,"comment_status":"closed","ping_status":"publish","template":"","meta":{"two_page_speed":[],"footnotes":""},"class_list":["post-201","page","type-page","status-publish","hentry"],"_links":{"self":[{"href":"https:\/\/restaurant-stunningland.com\/index.php?rest_route=\/wp\/v2\/pages\/201","targetHints":{"allow":["GET"]}}],"collection":[{"href":"https:\/\/restaurant-stunningland.com\/index.php?rest_route=\/wp\/v2\/pages"}],"about":[{"href":"https:\/\/restaurant-stunningland.com\/index.php?rest_route=\/wp\/v2\/types\/page"}],"replies":[{"embeddable":true,"href":"https:\/\/restaurant-stunningland.com\/index.php?rest_route=%2Fwp%2Fv2%2Fcomments&post=201"}],"version-history":[{"count":0,"href":"https:\/\/restaurant-stunningland.com\/index.php?rest_route=\/wp\/v2\/pages\/201\/revisions"}],"wp:attachment":[{"href":"https:\/\/restaurant-stunningland.com\/index.php?rest_route=%2Fwp%2Fv2%2Fmedia&parent=201"}],"curies":[{"name":"wp","href":"https:\/\/api.w.org\/{rel}","templated":true}]}}