{"id":358,"date":"2025-01-14T14:33:06","date_gmt":"2025-01-14T13:33:06","guid":{"rendered":"https:\/\/restaurant-stunningland.com\/?page_id=358"},"modified":"2026-03-26T19:01:09","modified_gmt":"2026-03-26T18:01:09","slug":"nos-evenements","status":"publish","type":"page","link":"https:\/\/restaurant-stunningland.com\/?page_id=358","title":{"rendered":"Organiser un \u00e9v\u00e8nement"},"content":{"rendered":"\t\t<div data-elementor-type=\"wp-page\" data-elementor-id=\"358\" class=\"elementor elementor-358\">\n\t\t\t\t<div class=\"elementor-element elementor-element-faf4bc9 e-flex e-con-boxed e-con e-parent\" data-id=\"faf4bc9\" data-element_type=\"container\" data-e-type=\"container\">\n\t\t\t\t\t<div class=\"e-con-inner\">\n\t\t\t\t<div class=\"elementor-element elementor-element-1463 elementor-widget__width-initial elementor-widget-mobile__width-inherit elementor-widget-tablet__width-initial twbb_cta-button-wrapper-center twbb_cta-valign-align-top twbb_cta-position-image-left twbb_cta-tablet-position-image-top twbb_cta-mobile-position-image-top twbb_cta-button-wrapper-center twbb_cta-button-wrapper-center twbb_cta-position-button-bottom twbb_cta-tablet-position-button-bottom twbb_cta-mobile-position-button-bottom elementor-invisible elementor-widget elementor-widget-global elementor-global-1463 elementor-widget-twbb_call-to-action\" data-id=\"1463\" data-element_type=\"widget\" data-e-type=\"widget\" data-settings=\"{&quot;_animation&quot;:&quot;fadeInUp&quot;}\" data-widget_type=\"twbb_call-to-action.default\">\n\t\t\t\t<div class=\"elementor-widget-container\">\n\t\t\t\t\t    <div  class=\"twbb_cta-wrapper \">\n                  <div class=\"twbb_cta-image-background-wrapper\">\n          <span class=\"twbb_cta-image-background-overlay\"><\/span>\n                                <div class=\"twbb_cta-image-background\" style=\"background-image: url(&quot;https:\/\/restaurant-stunningland.com\/wp-content\/uploads\/2025\/11\/Capture-decran-2025-11-27-133455.png&quot;);\"><\/div>\n                        <\/div>\n        <div class=\"twbb_cta-content-wrapper \">\n    <div class=\"twbb_cta-content-inner\">\n                <h2 class=\"twbb_cta-title\">Service traiteur Indo-Fran\u00e7ais<\/h2>\n                    <div class=\"twbb_cta-description\"><h3 data-start=\"75\" data-end=\"136\">\ud83d\udd25 Faites vibrer votre \u00e9v\u00e9nement avec un menu 100% vous !<\/h3>\n<p data-start=\"138\" data-end=\"245\">Vous avez des id\u00e9es ? Des envies bien pr\u00e9cises ?<br data-start=\"186\" data-end=\"189\">\n<strong data-start=\"189\" data-end=\"245\">On les transforme en un menu sur mesure qui claque !<\/strong><\/p>\n<p data-start=\"247\" data-end=\"333\">Mariage, anniversaire, soir\u00e9e pro\u2026<br data-start=\"281\" data-end=\"284\">\n<strong data-start=\"284\" data-end=\"333\">Peu importe l\u2019occasion : vous r\u00eavez, on cr\u00e9e.<\/strong><\/p>\n<p data-start=\"335\" data-end=\"420\">\ud83d\udc49 <strong data-start=\"338\" data-end=\"420\">Contactez-nous et construisons ensemble le menu qui fera toute la diff\u00e9rence !<\/strong><\/p><\/div>\n              <\/div>\n    <div class=\"twbb_cta-button-wrapper\">\n        <div class=\"twbb_cta-buttons\">\n                        <\/div>\n    <\/div>\n  <\/div>\n        <\/div>\n\t\t\t\t<\/div>\n\t\t\t\t<\/div>\n\t\t\t\t\t<\/div>\n\t\t\t\t<\/div>\n\t\t<div class=\"elementor-element elementor-element-3bq4sh88 twbb_section e-flex e-con-boxed e-con e-parent\" data-id=\"3bq4sh88\" data-element_type=\"container\" data-e-type=\"container\">\n\t\t\t\t\t<div class=\"e-con-inner\">\n\t\t\t\t<div class=\"elementor-element elementor-element-cgcj3ggf elementor-widget__width-initial elementor-widget-mobile__width-inherit elementor-widget-tablet__width-initial elementor-invisible elementor-widget elementor-widget-heading\" data-id=\"cgcj3ggf\" data-element_type=\"widget\" data-e-type=\"widget\" data-settings=\"{&quot;_animation&quot;:&quot;fadeInUp&quot;}\" data-widget_type=\"heading.default\">\n\t\t\t\t<div class=\"elementor-widget-container\">\n\t\t\t\t\t<h2 class=\"elementor-heading-title elementor-size-default\">R\u00e9servez Votre Exp\u00e9rience Stunning Land<\/h2>\t\t\t\t<\/div>\n\t\t\t\t<\/div>\n\t\t\t\t<div class=\"elementor-element elementor-element-7lnfhymc elementor-widget__width-initial elementor-widget-mobile__width-inherit elementor-widget-tablet__width-initial elementor-invisible elementor-widget elementor-widget-text-editor\" data-id=\"7lnfhymc\" data-element_type=\"widget\" data-e-type=\"widget\" data-settings=\"{&quot;_animation&quot;:&quot;fadeInUp&quot;}\" data-widget_type=\"text-editor.default\">\n\t\t\t\t<div class=\"elementor-widget-container\">\n\t\t\t\t\t\t\t\t\t<p>Chaque \u00e9v\u00e9nement est une v\u00e9ritable exp\u00e9rience ! D\u00e8s votre arriv\u00e9e, vous \u00eates accueilli avec enthousiasme et sourire, dans une ambiance chaleureuse et pleine d&rsquo;\u00e9nergie. L\u2019organisation est sans faille, chaque moment est pens\u00e9 pour que vous soyez \u00e0 l\u2019aise et pleinement impliqu\u00e9. Discussions spontan\u00e9es, \u00e9changes enrichissants et moments conviviaux rythment la journ\u00e9e. Que ce soit une conf\u00e9rence inspirante ou un \u00e9v\u00e9nement plus intime, l\u2019accueil et l\u2019atmosph\u00e8re vous marqueront longtemps. Venez vivre l&rsquo;excellence et l\u2019authenticit\u00e9, o\u00f9 chaque d\u00e9tail est une promesse d\u2019exception !<\/p>\t\t\t\t\t\t\t\t<\/div>\n\t\t\t\t<\/div>\n\t\t\t\t<div class=\"elementor-element elementor-element-76cc6a7 elementor-widget__width-initial elementor-widget-mobile__width-inherit elementor-widget-tablet__width-initial elementor-mobile-button-align-stretch elementor-button-align-center elementor-invisible elementor-widget elementor-widget-global elementor-global-1592 elementor-widget-twbb_form\" data-id=\"76cc6a7\" data-element_type=\"widget\" data-e-type=\"widget\" data-settings=\"{&quot;_animation&quot;:&quot;fadeInUp&quot;,&quot;step_next_label&quot;:&quot;Next&quot;,&quot;step_previous_label&quot;:&quot;Previous&quot;,&quot;button_width&quot;:&quot;100&quot;,&quot;step_type&quot;:&quot;number_text&quot;,&quot;step_icon_shape&quot;:&quot;circle&quot;}\" data-widget_type=\"twbb_form.default\">\n\t\t\t\t<div class=\"elementor-widget-container\">\n\t\t\t\t\t\t\t<form class=\"elementor-form\" method=\"post\" >\n\t\t\t<input type=\"hidden\" name=\"post_id\" value=\"358\"\/>\n\t\t\t<input type=\"hidden\" name=\"form_id\" value=\"76cc6a7\"\/>\n\t\t\t<input type=\"hidden\" name=\"referer_title\" value=\"\" \/>\n\n\t\t\t\n\t\t\t<div class=\"elementor-form-fields-wrapper elementor-labels-above\">\n\t\t\t\t\t\t\t\t<div class=\"elementor-field-type-text elementor-field-group elementor-column elementor-field-group-field_06ed168 elementor-col-100 elementor-field-required elementor-mark-required\">\n\t\t\t\t\t\t\t\t\t\t\t\t<label for=\"form-field-field_06ed168\" class=\"elementor-field-label\">\n\t\t\t\t\t\t\t\tNom \/ pr\u00e9nom\t\t\t\t\t\t\t<\/label>\n\t\t\t\t\t\t\t\t\t\t\t\t\t\t<input size=\"1\" type=\"text\" name=\"form_fields[field_06ed168]\" id=\"form-field-field_06ed168\" class=\"elementor-field elementor-size-sm  elementor-field-textual\" required=\"required\" aria-required=\"true\">\n\t\t\t\t\t\t\t\t\t\t\t<\/div>\n\t\t\t\t\t\t\t\t<div class=\"elementor-field-type-email elementor-field-group elementor-column elementor-field-group-field_9c0d0cb elementor-col-100 elementor-field-required elementor-mark-required\">\n\t\t\t\t\t\t\t\t\t\t\t\t<label for=\"form-field-field_9c0d0cb\" class=\"elementor-field-label\">\n\t\t\t\t\t\t\t\tEmail\t\t\t\t\t\t\t<\/label>\n\t\t\t\t\t\t\t\t\t\t\t\t\t\t<input size=\"1\" type=\"email\" name=\"form_fields[field_9c0d0cb]\" id=\"form-field-field_9c0d0cb\" class=\"elementor-field elementor-size-sm  elementor-field-textual\" required=\"required\" aria-required=\"true\">\n\t\t\t\t\t\t\t\t\t\t\t<\/div>\n\t\t\t\t\t\t\t\t<div class=\"elementor-field-type-tel elementor-field-group elementor-column elementor-field-group-field_34100f1 elementor-col-100 elementor-field-required elementor-mark-required\">\n\t\t\t\t\t\t\t\t\t\t\t\t<label for=\"form-field-field_34100f1\" class=\"elementor-field-label\">\n\t\t\t\t\t\t\t\tT\u00e9l\u00e9phone\t\t\t\t\t\t\t<\/label>\n\t\t\t\t\t\t\t\t<input size=\"1\" type=\"tel\" name=\"form_fields[field_34100f1]\" id=\"form-field-field_34100f1\" class=\"elementor-field elementor-size-sm  elementor-field-textual\" required=\"required\" aria-required=\"true\" pattern=\"[0-9()#&amp;+*-=.]+\" title=\"Only numbers and phone characters (#, -, *, etc) are accepted.\">\n\n\t\t\t\t\t\t<\/div>\n\t\t\t\t\t\t\t\t<div class=\"elementor-field-type-select elementor-field-group elementor-column elementor-field-group-field_7750c62 elementor-col-100 elementor-field-required elementor-mark-required\">\n\t\t\t\t\t\t\t\t\t\t\t\t<label for=\"form-field-field_7750c62\" class=\"elementor-field-label\">\n\t\t\t\t\t\t\t\tFormule choisi\t\t\t\t\t\t\t<\/label>\n\t\t\t\t\t\t\t\t<div class=\"elementor-field elementor-select-wrapper remove-before \">\n\t\t\t<select name=\"form_fields[field_7750c62]\" id=\"form-field-field_7750c62\" class=\"elementor-field-textual elementor-size-sm\" required=\"required\" aria-required=\"true\">\n\t\t\t\t\t\t\t\t\t<option value=\"Option 1\">Anniversaire <\/option>\n\t\t\t\t\t\t\t\t\t<option value=\"Option 2\">Mariage <\/option>\n\t\t\t\t\t\t\t\t\t<option value=\"Option 3\">Comit\u00e9 d&#039;entreprise <\/option>\n\t\t\t\t\t\t\t\t\t<option value=\"Option 4\">Autre <\/option>\n\t\t\t\t\t\t\t<\/select>\n\t\t<\/div>\n\t\t\t\t\t\t<\/div>\n\t\t\t\t\t\t\t\t<div class=\"elementor-field-type-number elementor-field-group elementor-column elementor-field-group-field_e70fd12 elementor-col-100 elementor-field-required elementor-mark-required\">\n\t\t\t\t\t\t\t\t\t\t\t\t<label for=\"form-field-field_e70fd12\" class=\"elementor-field-label\">\n\t\t\t\t\t\t\t\tNombre de convives\t\t\t\t\t\t\t<\/label>\n\t\t\t\t\t\t\t\t\t<input type=\"number\" name=\"form_fields[field_e70fd12]\" id=\"form-field-field_e70fd12\" class=\"elementor-field elementor-size-sm  elementor-field-textual\" required=\"required\" aria-required=\"true\" min=\"10\" max=\"900\" >\n\t\t\t\t\t\t<\/div>\n\t\t\t\t\t\t\t\t<div class=\"elementor-field-type-text elementor-field-group elementor-column elementor-field-group-field_f6690ee elementor-col-100\">\n\t\t\t\t\t\t\t\t\t\t\t\t<label for=\"form-field-field_f6690ee\" class=\"elementor-field-label\">\n\t\t\t\t\t\t\t\tMessage\t\t\t\t\t\t\t<\/label>\n\t\t\t\t\t\t\t\t\t\t\t\t\t\t<input size=\"1\" type=\"text\" name=\"form_fields[field_f6690ee]\" id=\"form-field-field_f6690ee\" class=\"elementor-field elementor-size-sm  elementor-field-textual\">\n\t\t\t\t\t\t\t\t\t\t\t<\/div>\n\t\t\t\t\t\t\t\t<div class=\"elementor-field-group elementor-column elementor-field-type-submit elementor-col-100 e-form__buttons elementor-reset-button-active\">\n\t\t\t\t\t<button type=\"submit\" class=\"elementor-button\">\n\t\t\t\t\t\t<span >\n\t\t\t\t\t\t\t\t\t\t\t\t\t\t\t<span class=\" elementor-button-icon\">\n\t\t\t\t\t\t\t\t\t\t\t\t\t\t\t\t\t\t\t\t\t\t\t\t\t\t<\/span>\n\t\t\t\t\t\t\t\t\t\t\t\t\t\t\t\t\t\t\t\t\t\t<span class=\"elementor-button-text\">Envoyer<\/span>\n\t\t\t\t\t\t\t\t\t\t\t\t\t<\/span>\n\t\t\t\t\t<\/button>\n          <button type=\"reset\" class=\"elementor-button\">\n\t\t\t\t\t\t<span >\n\t\t\t\t\t\t\t                <span class=\" elementor-button-icon\">\n\t\t\t\t\t\t\t\t\t                  \t\t\t\t\t\t\t\t<\/span>\n                                            <span class=\"elementor-button-text\">Reset<\/span>\n              \t\t\t\t\t\t<\/span>\n          <\/button>\n\t\t\t\t<\/div>\n            \t\t\t<\/div>\n\t\t<\/form>\n\t\t\t\t\t\t<\/div>\n\t\t\t\t<\/div>\n\t\t\t\t\t<\/div>\n\t\t\t\t<\/div>\n\t\t<div class=\"elementor-element elementor-element-5dnvwa1q twbb_section e-flex e-con-boxed e-con e-parent\" data-id=\"5dnvwa1q\" data-element_type=\"container\" data-e-type=\"container\" id=\"temoignages\" data-settings=\"{&quot;background_background&quot;:&quot;classic&quot;}\">\n\t\t\t\t\t<div class=\"e-con-inner\">\n\t\t\t\t<div class=\"elementor-element elementor-element-lp8nd2f9 elementor-widget__width-initial elementor-widget-mobile__width-inherit elementor-widget-tablet__width-initial elementor-invisible elementor-widget elementor-widget-heading\" data-id=\"lp8nd2f9\" data-element_type=\"widget\" data-e-type=\"widget\" data-settings=\"{&quot;_animation&quot;:&quot;fadeInUp&quot;}\" data-widget_type=\"heading.default\">\n\t\t\t\t<div class=\"elementor-widget-container\">\n\t\t\t\t\t<h2 class=\"elementor-heading-title elementor-size-default\">Avis de Clients<\/h2>\t\t\t\t<\/div>\n\t\t\t\t<\/div>\n\t\t\t\t<div class=\"elementor-element elementor-element-57xlrqxg elementor-widget__width-initial elementor-widget-mobile__width-inherit elementor-widget-tablet__width-initial elementor-invisible elementor-widget elementor-widget-text-editor\" data-id=\"57xlrqxg\" data-element_type=\"widget\" data-e-type=\"widget\" data-settings=\"{&quot;_animation&quot;:&quot;fadeInUp&quot;}\" data-widget_type=\"text-editor.default\">\n\t\t\t\t<div class=\"elementor-widget-container\">\n\t\t\t\t\t\t\t\t\tD\u00e9couvrez ce que nos clients disent de leurs exp\u00e9riences m\u00e9morables.\t\t\t\t\t\t\t\t<\/div>\n\t\t\t\t<\/div>\n\t\t\t\t<div class=\"elementor-element elementor-element-zl038nnv elementor-widget__width-initial elementor-widget-mobile__width-inherit elementor-widget-tablet__width-initial tenweb-testimonial--align-left tenweb-testimonial--skin-default tenweb-testimonial--layout-image_inline tenweb-arrows-yes tenweb-pagination-type-bullets elementor-widget elementor-widget-twbb-testimonial-carousel\" data-id=\"zl038nnv\" data-element_type=\"widget\" data-e-type=\"widget\" data-settings=\"{&quot;view_type&quot;:&quot;carousel&quot;,&quot;show_arrows&quot;:&quot;yes&quot;,&quot;pagination&quot;:&quot;bullets&quot;,&quot;speed&quot;:500,&quot;autoplay&quot;:&quot;yes&quot;,&quot;autoplay_speed&quot;:5000,&quot;loop&quot;:&quot;yes&quot;,&quot;pause_on_interaction&quot;:&quot;yes&quot;,&quot;space_between&quot;:{&quot;unit&quot;:&quot;px&quot;,&quot;size&quot;:10,&quot;sizes&quot;:[]},&quot;space_between_tablet&quot;:{&quot;unit&quot;:&quot;px&quot;,&quot;size&quot;:10,&quot;sizes&quot;:[]},&quot;space_between_mobile&quot;:{&quot;unit&quot;:&quot;px&quot;,&quot;size&quot;:10,&quot;sizes&quot;:[]}}\" data-widget_type=\"twbb-testimonial-carousel.default\">\n\t\t\t\t<div class=\"elementor-widget-container\">\n\t\t\t\t\t\t\t<div class=\"tenweb-swiper\">\n\t\t\t<div class=\"tenweb-testimonial-carousel-swiper swiper swiper-horizontal\" data-settings=\"{&quot;view_type&quot;:&quot;carousel&quot;,&quot;slides_per_view&quot;:&quot;&quot;,&quot;column_count_masonry&quot;:null,&quot;slides_to_scroll&quot;:&quot;&quot;,&quot;slides_count&quot;:4,&quot;pagination&quot;:&quot;bullets&quot;,&quot;show_arrows&quot;:&quot;yes&quot;,&quot;speed&quot;:500,&quot;autoplay&quot;:&quot;yes&quot;,&quot;autoplay_speed&quot;:5000,&quot;loop&quot;:&quot;yes&quot;,&quot;pause_on_interaction&quot;:&quot;yes&quot;,&quot;tenweb_enable_stars&quot;:null,&quot;breakpoints&quot;:{&quot;space_between&quot;:{&quot;unit&quot;:&quot;px&quot;,&quot;size&quot;:10,&quot;sizes&quot;:[]},&quot;space_between_mobile&quot;:{&quot;unit&quot;:&quot;px&quot;,&quot;size&quot;:10,&quot;sizes&quot;:[]},&quot;space_between_tablet&quot;:{&quot;unit&quot;:&quot;px&quot;,&quot;size&quot;:10,&quot;sizes&quot;:[]}},&quot;slides_per_view_mobile&quot;:&quot;&quot;,&quot;column_count_masonry_mobile&quot;:null,&quot;slides_per_view_tablet&quot;:&quot;&quot;,&quot;column_count_masonry_tablet&quot;:null}\">\n\t\t\t\t<div class=\"swiper-wrapper\">\n\t\t\t\t\t\t\t\t\t\t\t<div class=\"swiper-slide\">\n\t\t\t\t\t\t\t\t\t<div class=\"tenweb-testimonial\">\n\n\t\t\t\n\n                <div class=\"tenweb-testimonial__content\">\n                    \t\t\t\t\t<div class=\"tenweb-testimonial__text\">\n                        D\u00e9couvert en traiteur pour un mariage tamoul ! Cuisine de qualit\u00e9 et personnel super hospitalier\t\t\t\t\t<\/div>\n                    \t\t\t\t<\/div>\n\t\t\t\t\t\t<div class=\"tenweb-testimonial__footer\">\n\t\t\t\t\t\t\t\t\t<div class=\"tenweb-testimonial__image\">\n\t\t\t\t\t\t<img decoding=\"async\" src=\"https:\/\/restaurant-stunningland.com\/wp-content\/uploads\/2025\/01\/thumbnail_female_uZvYtkCE.webp\" alt=\"Etienne Laval\">\n\t\t\t\t\t<\/div>\n\t\t\t\t                <cite class=\"tenweb-testimonial__cite\"><span class=\"tenweb-testimonial__name\">Etienne Laval<\/span><span class=\"tenweb-testimonial__title\">Local Guide<\/span><\/cite>\t\t\t<\/div>\n\t\t<\/div>\n\t\t\t\t\t\t\t\t<\/div>\n\t\t\t\t\t\t\t\t\t\t\t<div class=\"swiper-slide\">\n\t\t\t\t\t\t\t\t\t<div class=\"tenweb-testimonial\">\n\n\t\t\t\n\n                <div class=\"tenweb-testimonial__content\">\n                    \t\t\t\t\t<div class=\"tenweb-testimonial__text\">\n                        Chaque \u00e9v\u00e9nement que j'ai organis\u00e9 ici a \u00e9t\u00e9 un succ\u00e8s gr\u00e2ce \u00e0 leur attention aux d\u00e9tails.\t\t\t\t\t<\/div>\n                    \t\t\t\t<\/div>\n\t\t\t\t\t\t<div class=\"tenweb-testimonial__footer\">\n\t\t\t\t\t\t\t\t\t<div class=\"tenweb-testimonial__image\">\n\t\t\t\t\t\t<img decoding=\"async\" src=\"https:\/\/restaurant-stunningland.com\/wp-content\/uploads\/2025\/01\/thumbnail_male_TeMzEWcu.webp\" alt=\"Thiaga\">\n\t\t\t\t\t<\/div>\n\t\t\t\t                <cite class=\"tenweb-testimonial__cite\"><span class=\"tenweb-testimonial__name\">Thiaga<\/span><span class=\"tenweb-testimonial__title\">Client R\u00e9gulier<\/span><\/cite>\t\t\t<\/div>\n\t\t<\/div>\n\t\t\t\t\t\t\t\t<\/div>\n\t\t\t\t\t\t\t\t\t\t\t<div class=\"swiper-slide\">\n\t\t\t\t\t\t\t\t\t<div class=\"tenweb-testimonial\">\n\n\t\t\t\n\n                <div class=\"tenweb-testimonial__content\">\n                    \t\t\t\t\t<div class=\"tenweb-testimonial__text\">\n                        Un endroit parfait pour les anniversaires! \nUne ambiance au top ! et des cocktails Sublime !\t\t\t\t\t<\/div>\n                    \t\t\t\t<\/div>\n\t\t\t\t\t\t<div class=\"tenweb-testimonial__footer\">\n\t\t\t\t\t\t\t\t\t<div class=\"tenweb-testimonial__image\">\n\t\t\t\t\t\t<img decoding=\"async\" src=\"https:\/\/restaurant-stunningland.com\/wp-content\/uploads\/2025\/01\/thumbnail_female_hdBG57V7.webp\" alt=\"Thusjan\">\n\t\t\t\t\t<\/div>\n\t\t\t\t                <cite class=\"tenweb-testimonial__cite\"><span class=\"tenweb-testimonial__name\">Thusjan<\/span><span class=\"tenweb-testimonial__title\">Local Guide<\/span><\/cite>\t\t\t<\/div>\n\t\t<\/div>\n\t\t\t\t\t\t\t\t<\/div>\n\t\t\t\t\t\t\t\t\t\t\t<div class=\"swiper-slide\">\n\t\t\t\t\t\t\t\t\t<div class=\"tenweb-testimonial\">\n\n\t\t\t\n\n                <div class=\"tenweb-testimonial__content\">\n                    \t\t\t\t\t<div class=\"tenweb-testimonial__text\">\n                        Nous avons choisi le restaurant Stunning Land pour une prestation traiteur pour notre mariage, nous n'avons pas les mots pour d\u00e9crire leur professionnalisme et leur plats succulent, on les remercie infiniment pour leur prestation et vivement recommand\u00e9 ! \t\t\t\t\t<\/div>\n                    \t\t\t\t<\/div>\n\t\t\t\t\t\t<div class=\"tenweb-testimonial__footer\">\n\t\t\t\t                <cite class=\"tenweb-testimonial__cite\"><span class=\"tenweb-testimonial__name\">Nathan<\/span><span class=\"tenweb-testimonial__title\">Local Guide<\/span><\/cite>\t\t\t<\/div>\n\t\t<\/div>\n\t\t\t\t\t\t\t\t<\/div>\n\t\t\t\t\t\t\t\t\t<\/div>\n\t\t\t\t\t\t\t\t\t\t\t\t\t\t\t<div class=\"swiper-pagination\"><\/div>\n\t\t\t\t\t\t\t\t\t\t\t\t\t\t\t\t<div class=\"tenweb-swiper-button tenweb-swiper-button-prev\">\n\t\t\t\t\t\t\t<i class=\"eicon-chevron-left\"><\/i>\n\t\t\t\t\t\t<\/div>\n\t\t\t\t\t\t<div class=\"tenweb-swiper-button tenweb-swiper-button-next\">\n\t\t\t\t\t\t\t<i class=\"eicon-chevron-right\"><\/i>\n\t\t\t\t\t\t<\/div>\n\t\t\t\t\t\t\t\t\t\t\t\t<\/div>\n\t\t<\/div>\n\t\t\t\t\t\t<\/div>\n\t\t\t\t<\/div>\n\t\t\t\t\t<\/div>\n\t\t\t\t<\/div>\n\t\t<div class=\"elementor-element elementor-element-57e261a e-flex e-con-boxed e-con e-parent\" data-id=\"57e261a\" data-element_type=\"container\" data-e-type=\"container\">\n\t\t\t\t\t<div class=\"e-con-inner\">\n\t\t\t\t<div class=\"elementor-element elementor-element-1357 elementor-widget elementor-widget-global elementor-global-1357 elementor-widget-image\" data-id=\"1357\" data-element_type=\"widget\" data-e-type=\"widget\" data-widget_type=\"image.default\">\n\t\t\t\t<div class=\"elementor-widget-container\">\n\t\t\t\t\t\t\t\t\t\t\t\t\t\t\t<img decoding=\"async\" width=\"150\" height=\"150\" src=\"https:\/\/restaurant-stunningland.com\/wp-content\/uploads\/2025\/11\/Design-sans-titre-1-1-150x150.png\" class=\"attachment-thumbnail size-thumbnail wp-image-1312\" alt=\"\" srcset=\"https:\/\/restaurant-stunningland.com\/wp-content\/uploads\/2025\/11\/Design-sans-titre-1-1-150x150.png 150w, https:\/\/restaurant-stunningland.com\/wp-content\/uploads\/2025\/11\/Design-sans-titre-1-1-100x100.png 100w, https:\/\/restaurant-stunningland.com\/wp-content\/uploads\/2025\/11\/Design-sans-titre-1-1-300x300.png 300w, https:\/\/restaurant-stunningland.com\/wp-content\/uploads\/2025\/11\/Design-sans-titre-1-1.png 500w\" sizes=\"(max-width: 150px) 100vw, 150px\" \/>\t\t\t\t\t\t\t\t\t\t\t\t\t\t\t<\/div>\n\t\t\t\t<\/div>\n\t\t\t\t\t<\/div>\n\t\t\t\t<\/div>\n\t\t\t\t<\/div>\n\t\t","protected":false},"excerpt":{"rendered":"<p>Service traiteur Indo-Fran\u00e7ais \ud83d\udd25 Faites vibrer votre \u00e9v\u00e9nement avec un menu 100% vous ! Vous avez des id\u00e9es ? Des envies bien pr\u00e9cises ? On les transforme en un menu sur mesure qui claque ! Mariage, anniversaire, soir\u00e9e pro\u2026 Peu importe l\u2019occasion : vous r\u00eavez, on cr\u00e9e. \ud83d\udc49 Contactez-nous et construisons ensemble le menu qui [&hellip;]<\/p>\n","protected":false},"author":2,"featured_media":0,"parent":0,"menu_order":0,"comment_status":"closed","ping_status":"closed","template":"","meta":{"two_page_speed":[],"footnotes":""},"class_list":["post-358","page","type-page","status-publish","hentry"],"_links":{"self":[{"href":"https:\/\/restaurant-stunningland.com\/index.php?rest_route=\/wp\/v2\/pages\/358","targetHints":{"allow":["GET"]}}],"collection":[{"href":"https:\/\/restaurant-stunningland.com\/index.php?rest_route=\/wp\/v2\/pages"}],"about":[{"href":"https:\/\/restaurant-stunningland.com\/index.php?rest_route=\/wp\/v2\/types\/page"}],"author":[{"embeddable":true,"href":"https:\/\/restaurant-stunningland.com\/index.php?rest_route=\/wp\/v2\/users\/2"}],"replies":[{"embeddable":true,"href":"https:\/\/restaurant-stunningland.com\/index.php?rest_route=%2Fwp%2Fv2%2Fcomments&post=358"}],"version-history":[{"count":12,"href":"https:\/\/restaurant-stunningland.com\/index.php?rest_route=\/wp\/v2\/pages\/358\/revisions"}],"predecessor-version":[{"id":1621,"href":"https:\/\/restaurant-stunningland.com\/index.php?rest_route=\/wp\/v2\/pages\/358\/revisions\/1621"}],"wp:attachment":[{"href":"https:\/\/restaurant-stunningland.com\/index.php?rest_route=%2Fwp%2Fv2%2Fmedia&parent=358"}],"curies":[{"name":"wp","href":"https:\/\/api.w.org\/{rel}","templated":true}]}}