{"id":907,"date":"2025-07-20T21:21:35","date_gmt":"2025-07-20T20:21:35","guid":{"rendered":"https:\/\/restaurant-stunningland.com\/?page_id=907"},"modified":"2025-12-24T10:12:22","modified_gmt":"2025-12-24T09:12:22","slug":"nos-partenaires","status":"publish","type":"page","link":"https:\/\/restaurant-stunningland.com\/?page_id=907","title":{"rendered":"Nos Offres"},"content":{"rendered":"\t\t<div data-elementor-type=\"wp-page\" data-elementor-id=\"907\" class=\"elementor elementor-907\">\n\t\t\t\t<div class=\"elementor-element elementor-element-rp2tbwfb e-con-full twbb_section e-flex e-con e-parent\" data-id=\"rp2tbwfb\" data-element_type=\"container\" data-e-type=\"container\" id=\"our-partners\">\n\t\t\t\t<div class=\"elementor-element elementor-element-k6ddgb8s elementor-widget__width-initial elementor-widget-mobile__width-inherit elementor-widget-tablet__width-initial elementor-invisible elementor-widget elementor-widget-heading\" data-id=\"k6ddgb8s\" data-element_type=\"widget\" data-e-type=\"widget\" data-settings=\"{&quot;_animation&quot;:&quot;fadeInUp&quot;}\" data-widget_type=\"heading.default\">\n\t\t\t\t<div class=\"elementor-widget-container\">\n\t\t\t\t\t<h4 class=\"elementor-heading-title elementor-size-default\">D\u00e9couvrez nos <em>offres sp\u00e9ciales<\/em> et promotions <em>exclusives<\/em> du moment.<\/h4>\t\t\t\t<\/div>\n\t\t\t\t<\/div>\n\t\t\t\t<\/div>\n\t\t<div class=\"elementor-element elementor-element-1edb825b twbb_section twbb_multiple_services_252 e-flex e-con-boxed e-con e-parent\" data-id=\"1edb825b\" data-element_type=\"container\" data-e-type=\"container\" data-settings=\"{&quot;background_background&quot;:&quot;classic&quot;}\">\n\t\t\t\t\t<div class=\"e-con-inner\">\n\t\t<div class=\"elementor-element elementor-element-1c22baa e-con-full e-flex e-con e-child\" data-id=\"1c22baa\" data-element_type=\"container\" data-e-type=\"container\">\n\t\t\t\t<div class=\"elementor-element elementor-element-51eea596 elementor-widget__width-initial elementor-widget-mobile__width-inherit elementor-widget-tablet__width-initial elementor-invisible elementor-widget elementor-widget-heading\" data-id=\"51eea596\" data-element_type=\"widget\" data-e-type=\"widget\" data-settings=\"{&quot;_animation&quot;:&quot;fadeInUp&quot;}\" data-widget_type=\"heading.default\">\n\t\t\t\t<div class=\"elementor-widget-container\">\n\t\t\t\t\t<h2 class=\"elementor-heading-title elementor-size-default\">D\u00e9couvrez nos <em>offres sp\u00e9ciales<\/em> et promotions <em>exclusives<\/em> du moment.<\/h2>\t\t\t\t<\/div>\n\t\t\t\t<\/div>\n\t\t\t\t<div class=\"elementor-element elementor-element-57ee0386 elementor-widget__width-initial elementor-widget-mobile__width-inherit elementor-widget-tablet__width-initial elementor-invisible elementor-widget elementor-widget-text-editor\" data-id=\"57ee0386\" data-element_type=\"widget\" data-e-type=\"widget\" data-settings=\"{&quot;_animation&quot;:&quot;fadeInUp&quot;}\" data-widget_type=\"text-editor.default\">\n\t\t\t\t<div class=\"elementor-widget-container\">\n\t\t\t\t\t\t\t\t\t<p>Profitez de nos offres exceptionnelles pour savourer les saveurs authentiques du Sri Lanka et de l&rsquo;Inde \u00e0 des prix avantageux. Que ce soit pour un d\u00eener en famille, un d\u00e9jeuner entre amis ou une soir\u00e9e romantique, nos promotions sont con\u00e7ues pour vous offrir une exp\u00e9rience culinaire inoubliable. Ne manquez pas ces opportunit\u00e9s limit\u00e9es pour d\u00e9couvrir ou red\u00e9couvrir nos plats signatures.<\/p>\t\t\t\t\t\t\t\t<\/div>\n\t\t\t\t<\/div>\n\t\t\t\t<\/div>\n\t\t<div class=\"elementor-element elementor-element-0f9cc04 e-con-full e-flex e-con e-child\" data-id=\"0f9cc04\" data-element_type=\"container\" data-e-type=\"container\">\n\t\t\t\t<div class=\"elementor-element elementor-element-v3a5eom elementor-widget elementor-widget-text-editor\" data-id=\"v3a5eom\" data-element_type=\"widget\" data-e-type=\"widget\" data-widget_type=\"text-editor.default\">\n\t\t\t\t<div class=\"elementor-widget-container\">\n\t\t\t\t\t\t\t\t\t<p>Restaurant Stunning Land ( Sur la place Fran\u00e7ois de Larderel, 93 000 Bobigny )<\/p><p><img decoding=\"async\" class=\"emoji\" role=\"img\" draggable=\"false\" src=\"https:\/\/s.w.org\/images\/core\/emoji\/17.0.2\/svg\/1f9e8.svg\" alt=\"\ud83e\udde8\" \/><strong> Offre Exceptionnelle : TOUS NOS PLATS \u00c0 9\u20ac90 !<\/strong> <img decoding=\"async\" class=\"emoji\" role=\"img\" draggable=\"false\" src=\"https:\/\/s.w.org\/images\/core\/emoji\/17.0.2\/svg\/1f9e8.svg\" alt=\"\ud83e\udde8\" \/><\/p><p>Pour une dur\u00e9e limit\u00e9e, profitez de tous nos plats au prix unique de 9\u20ac90 !<\/p><p>Oui, vous avez bien lu : votre plat pr\u00e9f\u00e9r\u00e9( sans accompagnement) , classique ou gourmand, est d\u00e9sormais accessible \u00e0 un prix imbattable.<\/p><p><img decoding=\"async\" class=\"emoji\" role=\"img\" draggable=\"false\" src=\"https:\/\/s.w.org\/images\/core\/emoji\/17.0.2\/svg\/1f37d.svg\" alt=\"\ud83c\udf7d\ufe0f\" \/> Une occasion id\u00e9ale pour se faire plaisir sans se ruiner :<\/p><p>\u2013 Plats maison savoureux<\/p><p>\u2013 Produits frais<\/p><p>\u2013 Portions g\u00e9n\u00e9reuses<\/p><p>\u2013 Qualit\u00e9 garantie<\/p><p><img decoding=\"async\" class=\"emoji\" role=\"img\" draggable=\"false\" src=\"https:\/\/s.w.org\/images\/core\/emoji\/17.0.2\/svg\/1f389.svg\" alt=\"\ud83c\udf89\" \/> D\u00e9p\u00eachez-vous !<\/p><p>Cette offre sp\u00e9ciale est disponible du 28\/11\/2025 jusqu\u2019au 10\/12\/2025.<\/p><p><img decoding=\"async\" class=\"emoji\" role=\"img\" draggable=\"false\" src=\"https:\/\/s.w.org\/images\/core\/emoji\/17.0.2\/svg\/1f449.svg\" alt=\"\ud83d\udc49\" \/> Rendez-vous d\u00e8s maintenant en restaurant ou en commande \u00e0 emporter !<\/p><p>*Offre non cumulable<\/p>\t\t\t\t\t\t\t\t<\/div>\n\t\t\t\t<\/div>\n\t\t\t\t<\/div>\n\t\t<div class=\"elementor-element elementor-element-758e3473 e-con-full e-flex e-con e-child\" data-id=\"758e3473\" data-element_type=\"container\" data-e-type=\"container\">\n\t\t\t\t<div class=\"elementor-element elementor-element-5c95c080 elementor-widget__width-initial elementor-widget-mobile__width-inherit elementor-widget-tablet__width-initial twbb_cta-button-wrapper-left twbb_cta-valign-align-space_between twbb_cta-position-image-top twbb_cta-tablet-position-image-top twbb_cta-mobile-position-image-top twbb_cta-button-wrapper-left twbb_cta-button-wrapper-center twbb_cta-position-button-bottom twbb_cta-tablet-position-button-bottom twbb_cta-mobile-position-button-bottom elementor-invisible elementor-widget elementor-widget-twbb_call-to-action\" data-id=\"5c95c080\" data-element_type=\"widget\" data-e-type=\"widget\" data-settings=\"{&quot;_animation&quot;:&quot;fadeInUp&quot;}\" data-widget_type=\"twbb_call-to-action.default\">\n\t\t\t\t<div class=\"elementor-widget-container\">\n\t\t\t\t\t    <div  class=\"twbb_cta-wrapper \">\n                  <div class=\"twbb_cta-image-background-wrapper\">\n          <span class=\"twbb_cta-image-background-overlay\"><\/span>\n                            <div class=\"twbb_cta-image-html-tag\">\n                                            <img decoding=\"async\" src=\"https:\/\/restaurant-stunningland.com\/wp-content\/uploads\/2025\/12\/image_0.webp\"  >\n                                    <\/div>\n                    <\/div>\n        <div class=\"twbb_cta-content-wrapper \">\n    <div class=\"twbb_cta-content-inner\">\n                <h5 class=\"twbb_cta-title\">Menu No\u00ebl ! <\/h5>\n                    <div class=\"twbb_cta-description\">Triplez le go\u00fbt, pas le prix.\n2  plats achet\u00e9 s\u2192 1 plat offert.\nSavourez l\u2019instant. <img decoding=\"async\" draggable=\"false\" role=\"img\" class=\"emoji\" alt=\"\u2728\" src=\"https:\/\/s.w.org\/images\/core\/emoji\/17.0.2\/svg\/2728.svg\">\nPour ceux qui n'ont pas tent\u00e9 c'est l'occasion de ravir vos papilles ^^\n( hors menu et boissons )\nOffre valable du 23\/12\/2025 au 31\/12\/2025 \nOffre non cumulable\n                               *Sur de l'emporter uniquement*<\/div>\n              <\/div>\n    <div class=\"twbb_cta-button-wrapper\">\n        <div class=\"twbb_cta-buttons\">\n              <div class=\"twbb_cta-button-item twbb_cta-button-item__one twbb_cta-button-enable-yes\">\n          <a href=\"#https:\/\/restaurant-stunningland.com\/contact\/\" class=\"elementor-button twbb_cta-button elementor-size- twbb_cta-button__one\"            >Commandez d\u00e8s maintenant<\/a>\n        <\/div>\n                        <\/div>\n    <\/div>\n  <\/div>\n        <\/div>\n\t\t\t\t<\/div>\n\t\t\t\t<\/div>\n\t\t\t\t<div class=\"elementor-element elementor-element-122d6a8c elementor-widget__width-initial elementor-widget-mobile__width-inherit elementor-widget-tablet__width-initial twbb_cta-button-wrapper-left twbb_cta-position-image-top twbb_cta-tablet-position-image-top twbb_cta-mobile-position-image-top twbb_cta-button-wrapper-left twbb_cta-button-wrapper-center twbb_cta-position-button-bottom twbb_cta-tablet-position-button-bottom twbb_cta-mobile-position-button-bottom elementor-invisible elementor-widget elementor-widget-twbb_call-to-action\" data-id=\"122d6a8c\" data-element_type=\"widget\" data-e-type=\"widget\" data-settings=\"{&quot;_animation&quot;:&quot;fadeInUp&quot;}\" data-widget_type=\"twbb_call-to-action.default\">\n\t\t\t\t<div class=\"elementor-widget-container\">\n\t\t\t\t\t    <div  class=\"twbb_cta-wrapper \">\n                  <div class=\"twbb_cta-image-background-wrapper\">\n          <span class=\"twbb_cta-image-background-overlay\"><\/span>\n                            <div class=\"twbb_cta-image-html-tag\">\n                                            <img decoding=\"async\" src=\"https:\/\/ai20-templates-prod.s3.amazonaws.com\/ygm6eJMxoOFPH9UCysHHKvA4GnyW0iyD\/tenweb_media_sfflwvccj.webp\" alt=\"1\" >\n                                    <\/div>\n                    <\/div>\n        <div class=\"twbb_cta-content-wrapper \">\n    <div class=\"twbb_cta-content-inner\">\n                <h5 class=\"twbb_cta-title\">Soir\u00e9e Thali \u00e0 -15%<\/h5>\n                    <div class=\"twbb_cta-description\">Tous les mardis et jeudis soirs, profitez de 15% de r\u00e9duction sur notre Thali indien. Une explosion de saveurs \u00e0 ne pas manquer pour les amateurs de cuisine indienne authentique.\n\n<\/div>\n              <\/div>\n    <div class=\"twbb_cta-button-wrapper\">\n        <div class=\"twbb_cta-buttons\">\n              <div class=\"twbb_cta-button-item twbb_cta-button-item__one twbb_cta-button-enable-yes\">\n          <a href=\"#https:\/\/restaurant-stunningland.com\/reserver-une-table\/\" class=\"elementor-button twbb_cta-button elementor-size- twbb_cta-button__one\"            >R\u00e9server d\u00e8s maintenant<\/a>\n        <\/div>\n                    <div class=\"twbb_cta-button-item twbb_cta-button-item__two twbb_cta-button-enable-yes\">\n          <a href=\"#https:\/\/restaurant-stunningland.com\/contact\/\" class=\"elementor-button twbb_cta-button elementor-size- twbb_cta-button__two\"            >Commandez d\u00e8s maintenant            <\/a>\n        <\/div>\n                  <\/div>\n    <\/div>\n  <\/div>\n        <\/div>\n\t\t\t\t<\/div>\n\t\t\t\t<\/div>\n\t\t\t\t<div class=\"elementor-element elementor-element-40ebfc2c elementor-widget__width-initial elementor-widget-mobile__width-inherit elementor-widget-tablet__width-initial twbb_cta-button-wrapper-left twbb_cta-valign-align-space_between twbb_cta-position-image-top twbb_cta-tablet-position-image-top twbb_cta-mobile-position-image-top twbb_cta-button-wrapper-left twbb_cta-button-wrapper-center twbb_cta-position-button-bottom twbb_cta-tablet-position-button-bottom twbb_cta-mobile-position-button-bottom elementor-invisible elementor-widget elementor-widget-twbb_call-to-action\" data-id=\"40ebfc2c\" data-element_type=\"widget\" data-e-type=\"widget\" data-settings=\"{&quot;_animation&quot;:&quot;fadeInUp&quot;}\" data-widget_type=\"twbb_call-to-action.default\">\n\t\t\t\t<div class=\"elementor-widget-container\">\n\t\t\t\t\t    <div  class=\"twbb_cta-wrapper \">\n                  <div class=\"twbb_cta-image-background-wrapper\">\n          <span class=\"twbb_cta-image-background-overlay\"><\/span>\n                            <div class=\"twbb_cta-image-html-tag\">\n                                            <img decoding=\"async\" src=\"https:\/\/ai20-templates-prod.s3.amazonaws.com\/ygm6eJMxoOFPH9UCysHHKvA4GnyW0iyD\/tenweb_media_sa5mduyuw.webp\" alt=\"1\" >\n                                    <\/div>\n                    <\/div>\n        <div class=\"twbb_cta-content-wrapper \">\n    <div class=\"twbb_cta-content-inner\">\n                <h5 class=\"twbb_cta-title\">Offre de groupe -15% ( soir\u00e9e )<\/h5>\n                    <div class=\"twbb_cta-description\">Pour tout groupe de 4 ou plus, une remise total de 15% sur la note. Une offre id\u00e9ale pour les familles, amis, coll\u00e8gues souhaitant partager un moment convivial et savoureux sans se ruiner.<\/div>\n              <\/div>\n    <div class=\"twbb_cta-button-wrapper\">\n        <div class=\"twbb_cta-buttons\">\n              <div class=\"twbb_cta-button-item twbb_cta-button-item__one twbb_cta-button-enable-yes\">\n          <a href=\"#https:\/\/restaurant-stunningland.com\/reserver-une-table\/\" class=\"elementor-button twbb_cta-button elementor-size- twbb_cta-button__one\"            >R\u00e9server d\u00e8s maintenant<\/a>\n        <\/div>\n                        <\/div>\n    <\/div>\n  <\/div>\n        <\/div>\n\t\t\t\t<\/div>\n\t\t\t\t<\/div>\n\t\t\t\t<\/div>\n\t\t\t\t\t<\/div>\n\t\t\t\t<\/div>\n\t\t<div class=\"elementor-element elementor-element-d87a70a e-flex e-con-boxed e-con e-parent\" data-id=\"d87a70a\" data-element_type=\"container\" data-e-type=\"container\">\n\t\t\t\t\t<div class=\"e-con-inner\">\n\t\t\t\t<div class=\"elementor-element elementor-element-mfadoca elementor-widget elementor-widget-text-editor\" data-id=\"mfadoca\" data-element_type=\"widget\" data-e-type=\"widget\" data-widget_type=\"text-editor.default\">\n\t\t\t\t<div class=\"elementor-widget-container\">\n\t\t\t\t\t\t\t\t\t<h5><strong>Restez connect\u00e9(e) \u00e0 l\u2019excellence : des offres d\u2019exception, exclusivement pour vous.<\/strong><\/h5>\t\t\t\t\t\t\t\t<\/div>\n\t\t\t\t<\/div>\n\t\t\t\t<div class=\"elementor-element elementor-element-1389 elementor-widget__width-initial elementor-button-align-stretch elementor-widget elementor-widget-global elementor-global-1389 elementor-widget-twbb_form\" data-id=\"1389\" data-element_type=\"widget\" data-e-type=\"widget\" data-settings=\"{&quot;step_next_label&quot;:&quot;Next&quot;,&quot;step_previous_label&quot;:&quot;Previous&quot;,&quot;button_width&quot;:&quot;100&quot;,&quot;step_type&quot;:&quot;number_text&quot;,&quot;step_icon_shape&quot;:&quot;circle&quot;}\" data-widget_type=\"twbb_form.default\">\n\t\t\t\t<div class=\"elementor-widget-container\">\n\t\t\t\t\t\t\t<form class=\"elementor-form\" method=\"post\" name=\"New Form\">\n\t\t\t<input type=\"hidden\" name=\"post_id\" value=\"907\"\/>\n\t\t\t<input type=\"hidden\" name=\"form_id\" value=\"1389\"\/>\n\t\t\t<input type=\"hidden\" name=\"referer_title\" value=\"\" \/>\n\n\t\t\t\n\t\t\t<div class=\"elementor-form-fields-wrapper elementor-labels-above\">\n\t\t\t\t\t\t\t\t<div class=\"elementor-field-type-tel elementor-field-group elementor-column elementor-field-group-field_1f32a2b elementor-col-100\">\n\t\t\t\t\t\t\t\t\t\t\t\t<label for=\"form-field-field_1f32a2b\" class=\"elementor-field-label\">\n\t\t\t\t\t\t\t\tT\u00e9l\u00e9phone\t\t\t\t\t\t\t<\/label>\n\t\t\t\t\t\t\t\t<input size=\"1\" type=\"tel\" name=\"form_fields[field_1f32a2b]\" id=\"form-field-field_1f32a2b\" class=\"elementor-field elementor-size-sm  elementor-field-textual\" placeholder=\"T\u00e9l\u00e9phone\" pattern=\"[0-9()#&amp;+*-=.]+\" title=\"Only numbers and phone characters (#, -, *, etc) are accepted.\">\n\n\t\t\t\t\t\t<\/div>\n\t\t\t\t\t\t\t\t<div class=\"elementor-field-type-email elementor-field-group elementor-column elementor-field-group-field_05b93ae elementor-col-100\">\n\t\t\t\t\t\t\t\t\t\t\t\t<label for=\"form-field-field_05b93ae\" class=\"elementor-field-label\">\n\t\t\t\t\t\t\t\tEmail\t\t\t\t\t\t\t<\/label>\n\t\t\t\t\t\t\t\t\t\t\t\t\t\t<input size=\"1\" type=\"email\" name=\"form_fields[field_05b93ae]\" id=\"form-field-field_05b93ae\" class=\"elementor-field elementor-size-sm  elementor-field-textual\" placeholder=\"Email\">\n\t\t\t\t\t\t\t\t\t\t\t<\/div>\n\t\t\t\t\t\t\t\t<div class=\"elementor-field-group elementor-column elementor-field-type-submit elementor-col-100 e-form__buttons\">\n\t\t\t\t\t<button type=\"submit\" class=\"elementor-button\">\n\t\t\t\t\t\t<span >\n\t\t\t\t\t\t\t\t\t\t\t\t\t\t\t<span class=\" elementor-button-icon\">\n\t\t\t\t\t\t\t\t\t\t\t\t\t\t\t\t\t\t\t\t\t\t\t\t\t\t<\/span>\n\t\t\t\t\t\t\t\t\t\t\t\t\t\t\t\t\t\t\t\t\t\t<span class=\"elementor-button-text\">Suivre les offres<\/span>\n\t\t\t\t\t\t\t\t\t\t\t\t\t<\/span>\n\t\t\t\t\t<\/button>\n          <button type=\"reset\" class=\"elementor-button elementor-hidden\">\n\t\t\t\t\t\t<span >\n\t\t\t\t\t\t\t              \t\t\t\t\t\t<\/span>\n          <\/button>\n\t\t\t\t<\/div>\n            \t\t\t<\/div>\n\t\t<\/form>\n\t\t\t\t\t\t<\/div>\n\t\t\t\t<\/div>\n\t\t\t\t\t<\/div>\n\t\t\t\t<\/div>\n\t\t<div class=\"elementor-element elementor-element-1998781 e-flex e-con-boxed e-con e-parent\" data-id=\"1998781\" data-element_type=\"container\" data-e-type=\"container\">\n\t\t\t\t\t<div class=\"e-con-inner\">\n\t\t\t\t<div class=\"elementor-element elementor-element-1313 elementor-widget elementor-widget-global elementor-global-1313 elementor-widget-image\" data-id=\"1313\" data-element_type=\"widget\" data-e-type=\"widget\" data-widget_type=\"image.default\">\n\t\t\t\t<div class=\"elementor-widget-container\">\n\t\t\t\t\t\t\t\t\t\t\t\t\t\t\t<img decoding=\"async\" width=\"150\" height=\"150\" src=\"https:\/\/restaurant-stunningland.com\/wp-content\/uploads\/2025\/11\/Design-sans-titre-1-1-150x150.png\" class=\"attachment-thumbnail size-thumbnail wp-image-1312\" alt=\"\" srcset=\"https:\/\/restaurant-stunningland.com\/wp-content\/uploads\/2025\/11\/Design-sans-titre-1-1-150x150.png 150w, https:\/\/restaurant-stunningland.com\/wp-content\/uploads\/2025\/11\/Design-sans-titre-1-1-100x100.png 100w, https:\/\/restaurant-stunningland.com\/wp-content\/uploads\/2025\/11\/Design-sans-titre-1-1-300x300.png 300w, https:\/\/restaurant-stunningland.com\/wp-content\/uploads\/2025\/11\/Design-sans-titre-1-1.png 500w\" sizes=\"(max-width: 150px) 100vw, 150px\" \/>\t\t\t\t\t\t\t\t\t\t\t\t\t\t\t<\/div>\n\t\t\t\t<\/div>\n\t\t\t\t\t<\/div>\n\t\t\t\t<\/div>\n\t\t\t\t<\/div>\n\t\t","protected":false},"excerpt":{"rendered":"<p>D\u00e9couvrez nos offres sp\u00e9ciales et promotions exclusives du moment. D\u00e9couvrez nos offres sp\u00e9ciales et promotions exclusives du moment. Profitez de nos offres exceptionnelles pour savourer les saveurs authentiques du Sri Lanka et de l&rsquo;Inde \u00e0 des prix avantageux. Que ce soit pour un d\u00eener en famille, un d\u00e9jeuner entre amis ou une soir\u00e9e romantique, nos [&hellip;]<\/p>\n","protected":false},"author":0,"featured_media":0,"parent":0,"menu_order":0,"comment_status":"closed","ping_status":"draft","template":"","meta":{"two_page_speed":[],"footnotes":""},"class_list":["post-907","page","type-page","status-publish","hentry"],"_links":{"self":[{"href":"https:\/\/restaurant-stunningland.com\/index.php?rest_route=\/wp\/v2\/pages\/907","targetHints":{"allow":["GET"]}}],"collection":[{"href":"https:\/\/restaurant-stunningland.com\/index.php?rest_route=\/wp\/v2\/pages"}],"about":[{"href":"https:\/\/restaurant-stunningland.com\/index.php?rest_route=\/wp\/v2\/types\/page"}],"replies":[{"embeddable":true,"href":"https:\/\/restaurant-stunningland.com\/index.php?rest_route=%2Fwp%2Fv2%2Fcomments&post=907"}],"version-history":[{"count":0,"href":"https:\/\/restaurant-stunningland.com\/index.php?rest_route=\/wp\/v2\/pages\/907\/revisions"}],"wp:attachment":[{"href":"https:\/\/restaurant-stunningland.com\/index.php?rest_route=%2Fwp%2Fv2%2Fmedia&parent=907"}],"curies":[{"name":"wp","href":"https:\/\/api.w.org\/{rel}","templated":true}]}}